{"id":913,"date":"2016-08-12T08:51:41","date_gmt":"2016-08-12T08:51:41","guid":{"rendered":"http:\/\/kudos.select-themes.com\/?page_id=913"},"modified":"2025-01-29T10:49:51","modified_gmt":"2025-01-29T10:49:51","slug":"forvet-bilisim-hakkinda","status":"publish","type":"page","link":"https:\/\/forvetbilisim.com\/index.php\/forvet-bilisim-hakkinda\/","title":{"rendered":"Forvet Bili\u015fim Hakk\u0131nda"},"content":{"rendered":"<section class=\"wpb-content-wrapper\"><p>[vc_row content_width=&#8221;grid&#8221; full_screen_section_height=&#8221;no&#8221; css=&#8221;.vc_custom_1737553399519{padding-top: 187px !important;padding-bottom: 150px !important;background-image: url(https:\/\/forvetbilisim.com\/wp-content\/uploads\/2016\/08\/title-image-offices.jpg?id=3300) !important;background-position: center !important;background-repeat: no-repeat !important;background-size: cover !important;}&#8221;][vc_column]\n<div class=\"qodef-custom-font-holder\" style=\"font-family: Raleway;font-size: 80px;line-height: 95px;font-weight: 700;text-align: left;color: #ffffff\" data-font-size= 80 data-line-height= 95>\n        <\/div>[vc_empty_space height=&#8221;25px&#8221;]\n<div class=\"qodef-custom-font-holder\" style=\"font-family: Raleway;font-size: 24px;line-height: 38px;font-weight: 400;color: #ffffff\" data-font-size= 24 data-line-height= 38>\n        <\/div>\n<div class=\"qodef-custom-font-holder\" style=\"font-family: Raleway;font-size: 24px;line-height: 38px;font-weight: 400;color: #ffffff\" data-font-size= 24 data-line-height= 38>\n        <\/div>\n<div class=\"qodef-custom-font-holder\" style=\"font-family: Raleway;font-size: 24px;line-height: 38px;font-weight: 400;color: #ffffff\" data-font-size= 24 data-line-height= 38>\n        <\/div>[\/vc_column][\/vc_row][vc_row content_width=&#8221;grid&#8221; full_screen_section_height=&#8221;no&#8221; css=&#8221;.vc_custom_1472567958671{padding-top: 135px !important;padding-bottom: 110px !important;}&#8221;][vc_column offset=&#8221;vc_col-lg-6 vc_col-md-12&#8243;][vc_column_text]<\/p>\n<h2>Forvet Bili\u015fim Hakk\u0131nda<\/h2>\n<p>[\/vc_column_text][vc_empty_space height=&#8221;15px&#8221;][vc_empty_space height=&#8221;13px&#8221;][vc_column_text]Forvet Bili\u015fim; 2011 Y\u0131l\u0131nda, Kurulmu\u015f Olup, Kuruldugu Y\u0131ldan\u00a0 \u0130tibaren, \u0130nternet D\u00fcnyas\u0131nda \u2018 Web Tasar\u0131m, Google Seo \u2018 Arama Kelimeleri Optimizasyonu ve Sosyal Medya Y\u00f6netimi Gibi, \u0130\u015fletmelerin Pazarlanmas\u0131nda \u00d6nemli Olan Bu Ad\u0131mlar\u0131n Uygulanmas\u0131nda \u00d6nc\u00fclerinden Olmu\u015ftur.<\/p>\n<p>Forvet Bili\u015fim, Gelecegin \u0130nternet D\u00fcnyas\u0131n\u0131n Geli\u015fiminin Fark\u0131nda Olup, T\u00fcm Bu Ad\u0131mlar\u0131n Uygulanmas\u0131nda, \u0130\u015fletmelerle Birlikte, \u0130nternet Pazar\u0131nda, Daha \u0130sabetli Ad\u0131mlar Atabilmek Ad\u0131na; Halkla \u0130li\u015fkiler ve Reklam, \u0130ktisadi ve \u0130dari Bililmler \u0130\u015fletme ve Pazarlama Alanlar\u0131nda Kendisini Sertefikaland\u0131rarak, \u0130\u015fin Hem M\u00fchendisligini Hemde Ta\u015feronlugunu \u00dcstlenmi\u015ftir.[\/vc_column_text][vc_empty_space height=&#8221;54px&#8221;][vc_empty_space height=&#8221;30px&#8221;][\/vc_column][vc_column css=&#8221;.vc_custom_1471004079390{padding-left: 5% !important;}&#8221; offset=&#8221;vc_col-lg-6 vc_col-md-12&#8243;]<div class=\"qodef-elements-holder qodef-responsive-mode-768\" ><div class=\"qodef-elements-holder-item \"   data-item-class=\"qodef-elements-holder-custom-752037\" data-768-1024=\"5px 0px 0px 0px\" data-600-768=\"5px 0px 0px 0px\" data-480-600=\"5px 0px 0px 0px\" data-480=\"5px 0px 0px 0px\">\n\t<div class=\"qodef-elements-holder-item-inner\">\n\t\t<div class=\"qodef-elements-holder-item-content qodef-elements-holder-custom-752037\" style=\"padding: 5px 0px 0px 95px\">\n\t\t\t<div class=\"qodef-iwt clearfix qodef-iwt-left-from-title qodef-iwt-icon-tiny\">\n    <div class=\"qodef-iwt-content-holder\">\n        <div class=\"qodef-iwt-icon-title-holder\">\n            <div class=\"qodef-iwt-icon-holder\">\n\t\t\t\t\t\t\t\t\t\n    <span class=\"qodef-icon-shortcode normal\"  data-hover-color=\"#dd91e0\" data-color=\"#81d742\">\n        \n        <span aria-hidden=\"true\" class=\"qodef-icon-font-elegant icon_floppy_alt qodef-icon-element\" style=\"color: #81d742;font-size:25px\" ><\/span>\n            <\/span>\n\n\t\t\t\t            <\/div>\n            <div class=\"qodef-iwt-title-holder\">\n                <h5 >\n\t\t\t\tMisyonumuz            <\/h5>\n        <\/div>\n    <\/div>\n\t    <div class=\"qodef-iwt-text-holder\">\n        <p >Forvet Bili\u015fim, T\u00fcm Sekt\u00f6r \u0130\u015fletmelerinin, \u0130nternet D\u00fcnyas\u0131nda, Daha Sagl\u0131kl\u0131 ve S\u00fcrd\u00fcr\u00fclebilir Bir Ya\u015fam Alan\u0131 Olu\u015fturmas\u0131 ve Milli Kalk\u0131nma \u0130\u00e7in Katk\u0131 Saglamay\u0131 Ama\u00e7 Edinmi\u015ftir.<\/p>\n\n\t\t    <\/div>\n<\/div>\n<\/div>[vc_empty_space height=&#8221;50px&#8221;]<div class=\"qodef-iwt clearfix qodef-iwt-left-from-title qodef-iwt-icon-tiny\">\n    <div class=\"qodef-iwt-content-holder\">\n        <div class=\"qodef-iwt-icon-title-holder\">\n            <div class=\"qodef-iwt-icon-holder\">\n\t\t\t\t\t\t\t\t\t\n    <span class=\"qodef-icon-shortcode normal\"  data-hover-color=\"#dd82e0\" data-color=\"#92d66b\">\n        \n        <span aria-hidden=\"true\" class=\"qodef-icon-font-elegant icon_star-half_alt qodef-icon-element\" style=\"color: #92d66b;font-size:25px\" ><\/span>\n            <\/span>\n\n\t\t\t\t            <\/div>\n            <div class=\"qodef-iwt-title-holder\">\n                <h5 >\n\t\t\t\tVizyonumuz            <\/h5>\n        <\/div>\n    <\/div>\n\t    <div class=\"qodef-iwt-text-holder\">\n        <p >Vizyonumuz : Forvet Bili\u015fim, T\u00fcm Sekt\u00f6r \u0130\u015fletmlerinin, \u0130nternet D\u00fcnyas\u0131nda, S\u00fcrd\u00fcrebilir Bir Ya\u015fam Alan\u0131 Olu\u015fturmalar\u0131 \u0130\u00e7in; Anl\u0131k ve Ge\u00e7ici Uygulamalar\u0131n D\u0131\u015f\u0131nda, Daha Uzun Soluklu, Kal\u0131c\u0131, Bilimsel Stratejiler I\u015f\u0131g\u0131nda Uygulamalar Geli\u015ftirip, Payla\u015fmaktad\u0131r.<\/p>\n\n\t\t    <\/div>\n<\/div>\n<\/div>[vc_empty_space height=&#8221;50px&#8221;]\t\t<\/div>\n\t<\/div>\n<\/div><\/div>[\/vc_column][\/vc_row][vc_row content_width=&#8221;grid&#8221; content_aligment=&#8221;center&#8221; full_screen_section_height=&#8221;no&#8221; css=&#8221;.vc_custom_1470928206050{padding-top: 134px !important;padding-bottom: 64px !important;}&#8221;][vc_column offset=&#8221;vc_col-lg-offset-2 vc_col-lg-8 vc_col-md-offset-2 vc_col-md-8&#8243;][vc_column_text]<\/p>\n<h2>\u0130\u015f Ortaklar\u0131m\u0131z<\/h2>\n<p>[\/vc_column_text][vc_empty_space height=&#8221;17px&#8221;][vc_column_text][\/vc_column_text][\/vc_column][\/vc_row][vc_row content_width=&#8221;grid&#8221; content_aligment=&#8221;center&#8221; full_screen_section_height=&#8221;no&#8221; css=&#8221;.vc_custom_1471003891556{padding-top: 10px !important;padding-bottom: 147px !important;}&#8221;][vc_column]<div class=\"qodef-clients clearfix qodef-clients-four-columns\">\n\t\t<div class=\"qodef-client-holder qodef-clients-roll-over\" >\n\t\t<div class=\"qodef-client-holder-inner\">\n\t\t\t<div class=\"qodef-client-image-holder\">\n\t\t\t\t                    <span class=\"qodef-client-image-nolink\">\n                \t\t\t\t\t<span class=\"qodef-client-image\">\n\t\t\t\t\t\t<img decoding=\"async\" src=\"https:\/\/forvetbilisim.com\/wp-content\/uploads\/2025\/01\/mamonn.png\" alt=\"\" \/>\n\t\t\t\t\t<\/span>\n\t\t\t\t\t\t\t\t\t\t\t<span class=\"qodef-client-hover-image\">\n\t\t\t\t\t\t\t<img decoding=\"async\" src=\"https:\/\/forvetbilisim.com\/wp-content\/uploads\/2025\/01\/mamonn2.png\" alt=\"\" \/>\n\t\t\t\t\t\t<\/span>\n\t\t\t\t\t\t\t\t\t                    <\/span>\n                \t\t\t<\/div>\n\t\t<\/div>\n\t<\/div>\n\t<div class=\"qodef-client-holder qodef-clients-roll-over\" >\n\t\t<div class=\"qodef-client-holder-inner\">\n\t\t\t<div class=\"qodef-client-image-holder\">\n\t\t\t\t                    <span class=\"qodef-client-image-nolink\">\n                \t\t\t\t\t<span class=\"qodef-client-image\">\n\t\t\t\t\t\t<img decoding=\"async\" src=\"https:\/\/forvetbilisim.com\/wp-content\/uploads\/2025\/01\/sistem.png\" alt=\"\" \/>\n\t\t\t\t\t<\/span>\n\t\t\t\t\t\t\t\t\t\t\t<span class=\"qodef-client-hover-image\">\n\t\t\t\t\t\t\t<img decoding=\"async\" src=\"https:\/\/forvetbilisim.com\/wp-content\/uploads\/2025\/01\/sistem2.png\" alt=\"\" \/>\n\t\t\t\t\t\t<\/span>\n\t\t\t\t\t\t\t\t\t                    <\/span>\n                \t\t\t<\/div>\n\t\t<\/div>\n\t<\/div>\n\t<div class=\"qodef-client-holder qodef-clients-roll-over\" >\n\t\t<div class=\"qodef-client-holder-inner\">\n\t\t\t<div class=\"qodef-client-image-holder\">\n\t\t\t\t                    <span class=\"qodef-client-image-nolink\">\n                \t\t\t\t\t<span class=\"qodef-client-image\">\n\t\t\t\t\t\t<img decoding=\"async\" src=\"https:\/\/forvetbilisim.com\/wp-content\/uploads\/2025\/01\/atlantic.png\" alt=\"\" \/>\n\t\t\t\t\t<\/span>\n\t\t\t\t\t\t\t\t\t\t\t<span class=\"qodef-client-hover-image\">\n\t\t\t\t\t\t\t<img decoding=\"async\" src=\"https:\/\/forvetbilisim.com\/wp-content\/uploads\/2025\/01\/atlantic2.png\" alt=\"\" \/>\n\t\t\t\t\t\t<\/span>\n\t\t\t\t\t\t\t\t\t                    <\/span>\n                \t\t\t<\/div>\n\t\t<\/div>\n\t<\/div>\n\t<div class=\"qodef-client-holder qodef-clients-roll-over\" >\n\t\t<div class=\"qodef-client-holder-inner\">\n\t\t\t<div class=\"qodef-client-image-holder\">\n\t\t\t\t                    <span class=\"qodef-client-image-nolink\">\n                \t\t\t\t\t<span class=\"qodef-client-image\">\n\t\t\t\t\t\t<img decoding=\"async\" src=\"https:\/\/forvetbilisim.com\/wp-content\/uploads\/2025\/01\/logo.png\" alt=\"\" \/>\n\t\t\t\t\t<\/span>\n\t\t\t\t\t\t\t\t\t\t\t<span class=\"qodef-client-hover-image\">\n\t\t\t\t\t\t\t<img decoding=\"async\" src=\"https:\/\/forvetbilisim.com\/wp-content\/uploads\/2025\/01\/logo2.png\" alt=\"\" \/>\n\t\t\t\t\t\t<\/span>\n\t\t\t\t\t\t\t\t\t                    <\/span>\n                \t\t\t<\/div>\n\t\t<\/div>\n\t<\/div>\n\t<div class=\"qodef-client-holder qodef-clients-roll-over\" >\n\t\t<div class=\"qodef-client-holder-inner\">\n\t\t\t<div class=\"qodef-client-image-holder\">\n\t\t\t\t                    <span class=\"qodef-client-image-nolink\">\n                \t\t\t\t\t<span class=\"qodef-client-image\">\n\t\t\t\t\t\t<img decoding=\"async\" src=\"https:\/\/forvetbilisim.com\/wp-content\/uploads\/2025\/01\/ford.png\" alt=\"\" \/>\n\t\t\t\t\t<\/span>\n\t\t\t\t\t\t\t\t\t\t\t<span class=\"qodef-client-hover-image\">\n\t\t\t\t\t\t\t<img decoding=\"async\" src=\"https:\/\/forvetbilisim.com\/wp-content\/uploads\/2025\/01\/ford2.png\" alt=\"\" \/>\n\t\t\t\t\t\t<\/span>\n\t\t\t\t\t\t\t\t\t                    <\/span>\n                \t\t\t<\/div>\n\t\t<\/div>\n\t<\/div>\n\t<div class=\"qodef-client-holder qodef-clients-roll-over\" >\n\t\t<div class=\"qodef-client-holder-inner\">\n\t\t\t<div class=\"qodef-client-image-holder\">\n\t\t\t\t                    <span class=\"qodef-client-image-nolink\">\n                \t\t\t\t\t<span class=\"qodef-client-image\">\n\t\t\t\t\t\t<img decoding=\"async\" src=\"https:\/\/forvetbilisim.com\/wp-content\/uploads\/2025\/01\/sultansofrasi.png\" alt=\"\" \/>\n\t\t\t\t\t<\/span>\n\t\t\t\t\t\t\t\t\t\t\t<span class=\"qodef-client-hover-image\">\n\t\t\t\t\t\t\t<img decoding=\"async\" src=\"https:\/\/forvetbilisim.com\/wp-content\/uploads\/2025\/01\/sultansofrasi2.png\" alt=\"\" \/>\n\t\t\t\t\t\t<\/span>\n\t\t\t\t\t\t\t\t\t                    <\/span>\n                \t\t\t<\/div>\n\t\t<\/div>\n\t<\/div>\n<\/div>[\/vc_column][\/vc_row]<\/p>\n<\/section>","protected":false},"excerpt":{"rendered":"<p>[vc_row content_width=&#8221;grid&#8221; full_screen_section_height=&#8221;no&#8221; css=&#8221;.vc_custom_1737553399519{padding-top: 187px !important;padding-bottom: 150px !important;background-image: url(https:\/\/forvetbilisim.com\/wp-content\/uploads\/2016\/08\/title-image-offices.jpg?id=3300) !important;background-position: center !important;background-repeat: no-repeat !important;background-size: cover !important;}&#8221;][vc_column][vc_empty_space height=&#8221;25px&#8221;][\/vc_column][\/vc_row][vc_row content_width=&#8221;grid&#8221; full_screen_section_height=&#8221;no&#8221; css=&#8221;.vc_custom_1472567958671{padding-top: 135px !important;padding-bottom: 110px !important;}&#8221;][vc_column offset=&#8221;vc_col-lg-6 vc_col-md-12&#8243;][vc_column_text] Forvet Bili\u015fim Hakk\u0131nda [\/vc_column_text][vc_empty_space height=&#8221;15px&#8221;][vc_empty_space height=&#8221;13px&#8221;][vc_column_text]Forvet Bili\u015fim; 2011 Y\u0131l\u0131nda, Kurulmu\u015f Olup, Kuruldugu Y\u0131ldan\u00a0 \u0130tibaren, \u0130nternet D\u00fcnyas\u0131nda \u2018 Web Tasar\u0131m,&#8230;<\/p>\n","protected":false},"author":1,"featured_media":0,"parent":0,"menu_order":0,"comment_status":"closed","ping_status":"closed","template":"full-width.php","meta":{"footnotes":""},"class_list":["post-913","page","type-page","status-publish","hentry"],"_links":{"self":[{"href":"https:\/\/forvetbilisim.com\/index.php\/wp-json\/wp\/v2\/pages\/913","targetHints":{"allow":["GET"]}}],"collection":[{"href":"https:\/\/forvetbilisim.com\/index.php\/wp-json\/wp\/v2\/pages"}],"about":[{"href":"https:\/\/forvetbilisim.com\/index.php\/wp-json\/wp\/v2\/types\/page"}],"author":[{"embeddable":true,"href":"https:\/\/forvetbilisim.com\/index.php\/wp-json\/wp\/v2\/users\/1"}],"replies":[{"embeddable":true,"href":"https:\/\/forvetbilisim.com\/index.php\/wp-json\/wp\/v2\/comments?post=913"}],"version-history":[{"count":24,"href":"https:\/\/forvetbilisim.com\/index.php\/wp-json\/wp\/v2\/pages\/913\/revisions"}],"predecessor-version":[{"id":6220,"href":"https:\/\/forvetbilisim.com\/index.php\/wp-json\/wp\/v2\/pages\/913\/revisions\/6220"}],"wp:attachment":[{"href":"https:\/\/forvetbilisim.com\/index.php\/wp-json\/wp\/v2\/media?parent=913"}],"curies":[{"name":"wp","href":"https:\/\/api.w.org\/{rel}","templated":true}]}}