{"id":3916,"date":"2016-09-02T14:42:20","date_gmt":"2016-09-02T14:42:20","guid":{"rendered":"http:\/\/kudos.select-themes.com\/?page_id=3916"},"modified":"2025-01-29T11:16:49","modified_gmt":"2025-01-29T11:16:49","slug":"google-seo","status":"publish","type":"page","link":"https:\/\/forvetbilisim.com\/index.php\/google-seo\/","title":{"rendered":"Google Seo"},"content":{"rendered":"<section class=\"wpb-content-wrapper\"><p>[vc_row content_width=&#8221;grid&#8221; content_aligment=&#8221;center&#8221; full_screen_section_height=&#8221;no&#8221; css=&#8221;.vc_custom_1472723705469{padding-top: 131px !important;padding-bottom: 70px !important;}&#8221;][vc_column offset=&#8221;vc_col-lg-offset-2 vc_col-lg-8 vc_col-md-offset-2 vc_col-md-8&#8243;][vc_text_separator title=&#8221;Google Seo \u0130le, Potans\u0131yel M\u00fc\u015fteri Hedef Kitlenize Ula\u015f\u0131n!&#8221; color=&#8221;violet&#8221; style=&#8221;double&#8221; border_width=&#8221;2&#8243; css_animation=&#8221;bounceIn&#8221;][vc_empty_space][vc_empty_space height=&#8221;13px&#8221;][vc_column_text]<\/p>\n<p style=\"text-align: left;\">SEO, &#8220;arama motoru optimizasyonu&#8221; veya &#8220;arama motoru optimize edici&#8221; i\u00e7in kullan\u0131lan bir k\u0131saltmad\u0131r.<\/p>\n<p style=\"text-align: left;\">Google Seo \u00c7al\u0131\u015fmas\u0131yla Hedef,\u00a0 Site Trafigini v e Ziyaret\u00e7i Say\u0131s\u0131n\u0131 Artt\u0131rmak Olarak \u0130fade Edebiliriz; Potansiyel M\u00fc\u015fteri Hedef Kitleniz \u0130le Aran\u0131zda Bir K\u00f6pr\u00fc G\u00f6revini \u00dcstlenir.<\/p>\n<p style=\"text-align: left;\">T\u00fcm Bu \u00c7al\u0131\u015fmalar Neticesinde, S\u00fcrd\u00fcr\u00fclebilir, Faydal\u0131 v e Ba\u015far\u0131l\u0131 Sonu\u00e7lar Elde Edebilmek \u0130\u00e7in, Yap\u0131lan \u00c7al\u0131\u015fmalar\u0131n ve \u00c7al\u0131\u015fma Yap\u0131lacak Olan Web Sitesi Platformunun Belirli Standartlarda Olmas\u0131 Gerekir.<\/p>\n<p style=\"text-align: left;\">\u015eirketlerin Pazarlama Stratejilerini Olu\u015ftururken, 2 Farkl\u0131 Temel Kural Vard\u0131r; 1.si Sat\u0131\u015f Odakl\u0131 Olur \u0130ken, 2. Si Hakla \u0130li\u015fkiler Odakl\u0131d\u0131r, \u00c7ogu \u015eirketler Sat\u0131\u015f Odakl\u0131 Strateji Olu\u015ftururlarken, Biz Daha \u00c7ok Halkla \u0130li\u015fkiler Odakl\u0131 Sttateji ve Taktikler Geli\u015ftiririz, Buda Bize Uzun Vadede, Daha Faydal\u0131 ve Daha Sagl\u0131kl\u0131 Sonu\u00e7lar Elde Etmemize \u0130mkan Verir.<\/p>\n<p>[\/vc_column_text][\/vc_column][\/vc_row][vc_row content_width=&#8221;grid&#8221; content_aligment=&#8221;center&#8221; full_screen_section_height=&#8221;no&#8221; css=&#8221;.vc_custom_1472723705469{padding-top: 131px !important;padding-bottom: 70px !important;}&#8221;][vc_column offset=&#8221;vc_col-lg-offset-2 vc_col-lg-8 vc_col-md-offset-2 vc_col-md-8&#8243;][vc_text_separator title=&#8221;Sagl\u0131kl\u0131 ve S\u00fcrd\u00fcr\u00fclebilir Bir Seo \u00c7al\u0131\u015fmas\u0131 \u0130\u00e7in A\u015fag\u0131daki Temel Fakt\u00f6rler \u00d6nemlidir.&#8221; color=&#8221;purple&#8221; style=&#8221;double&#8221; border_width=&#8221;2&#8243; css_animation=&#8221;bounceInDown&#8221; css=&#8221;.vc_custom_1737038356709{margin-bottom: 80px !important;}&#8221;][\/vc_column][\/vc_row][vc_row content_width=&#8221;grid&#8221; content_aligment=&#8221;center&#8221; full_screen_section_height=&#8221;no&#8221; css=&#8221;.vc_custom_1471352555224{padding-bottom: 90px !important;}&#8221;][vc_column][vc_row_inner full_screen_section_height=&#8221;no&#8221;][vc_column_inner]<div class=\"clearfix qodef-item-showcase\"><div class=\"qodef-item-image\" style=\"margin-top:-128px;\"><img loading=\"lazy\" decoding=\"async\" width=\"2013\" height=\"3764\" src=\"https:\/\/forvetbilisim.com\/wp-content\/uploads\/2025\/01\/google-seo-fethiye.png\" class=\"attachment-full size-full\" alt=\"\" srcset=\"https:\/\/forvetbilisim.com\/wp-content\/uploads\/2025\/01\/google-seo-fethiye.png 2013w, https:\/\/forvetbilisim.com\/wp-content\/uploads\/2025\/01\/google-seo-fethiye-160x300.png 160w, https:\/\/forvetbilisim.com\/wp-content\/uploads\/2025\/01\/google-seo-fethiye-548x1024.png 548w, https:\/\/forvetbilisim.com\/wp-content\/uploads\/2025\/01\/google-seo-fethiye-768x1436.png 768w, https:\/\/forvetbilisim.com\/wp-content\/uploads\/2025\/01\/google-seo-fethiye-821x1536.png 821w, https:\/\/forvetbilisim.com\/wp-content\/uploads\/2025\/01\/google-seo-fethiye-1095x2048.png 1095w\" sizes=\"auto, (max-width: 2013px) 100vw, 2013px\" \/><\/div><div class=\"qodef-item qodef-item-left\">\n\t        <div class=\"qodef-item-icon\">\n\t\t\t<span aria-hidden=\"true\" class=\"qodef-icon-font-elegant icon_drawer \" style=\"color:#a328c1\"><\/span>        <\/div>\n\t    <div class=\"qodef-item-content\">\n\n\n\t\t            <div class=\"qodef-showcase-title-holder\">\n\t\t\t\t                    <h5 class=\"qodef-showcase-title\">Halkla \u0130li\u015fkiler Odakl\u0131<\/h5>\n\t\t\t\t\t            <\/div>\n\n\t\t            <div class=\"qodef-showcase-text-holder\">\n                <p class=\"qodef-showcase-text\">Kullan\u0131c\u0131 odakl\u0131, faydal\u0131 ve g\u00fcvenilir i\u00e7erikler olu\u015fturma.<\/p>\n            <\/div>\n\t\t    <\/div>\n<\/div><div class=\"qodef-item qodef-item-left\">\n\t        <div class=\"qodef-item-icon\">\n\t\t\t<span aria-hidden=\"true\" class=\"qodef-icon-font-elegant icon_floppy_alt \" style=\"color:#a328c1\"><\/span>        <\/div>\n\t    <div class=\"qodef-item-content\">\n\n\n\t\t            <div class=\"qodef-showcase-title-holder\">\n\t\t\t\t                    <h5 class=\"qodef-showcase-title\">\u00d6zg\u00fcn \u0130\u00e7erik<\/h5>\n\t\t\t\t\t            <\/div>\n\n\t\t            <div class=\"qodef-showcase-text-holder\">\n                <p class=\"qodef-showcase-text\">Benzersiz ve Hi\u00e7bir Platformda Olmayan \u00d6zg\u00fcn \u0130\u00e7erikler Olu\u015fturma.<\/p>\n            <\/div>\n\t\t    <\/div>\n<\/div><div class=\"qodef-item qodef-item-left\">\n\t        <div class=\"qodef-item-icon\">\n\t\t\t<span aria-hidden=\"true\" class=\"qodef-icon-font-elegant icon_tablet \" style=\"color:#a328c1\"><\/span>        <\/div>\n\t    <div class=\"qodef-item-content\">\n\n\n\t\t            <div class=\"qodef-showcase-title-holder\">\n\t\t\t\t                    <h5 class=\"qodef-showcase-title\">Google Entegrasyonu<\/h5>\n\t\t\t\t\t            <\/div>\n\n\t\t            <div class=\"qodef-showcase-text-holder\">\n                <p class=\"qodef-showcase-text\">Google \u0130le Entegrasyon Olabilecek Alt Yap\u0131da Bir Web Sitesi Yaz\u0131l\u0131m\u0131<\/p>\n            <\/div>\n\t\t    <\/div>\n<\/div><div class=\"qodef-item qodef-item-right\">\n\t        <div class=\"qodef-item-icon\">\n\t\t\t<span aria-hidden=\"true\" class=\"qodef-icon-font-elegant icon_shield_alt \" style=\"color:#a328c1\"><\/span>        <\/div>\n\t    <div class=\"qodef-item-content\">\n\n\n\t\t            <div class=\"qodef-showcase-title-holder\">\n\t\t\t\t                    <h5 class=\"qodef-showcase-title\">Anahtar Kelimeler<\/h5>\n\t\t\t\t\t            <\/div>\n\n\t\t            <div class=\"qodef-showcase-text-holder\">\n                <p class=\"qodef-showcase-text\">Dogru Anahtar Kelimeler<\/p>\n            <\/div>\n\t\t    <\/div>\n<\/div><div class=\"qodef-item qodef-item-right\">\n\t        <div class=\"qodef-item-icon\">\n\t\t\t<span aria-hidden=\"true\" class=\"qodef-icon-font-elegant icon_lifesaver \" style=\"color:#a328c1\"><\/span>        <\/div>\n\t    <div class=\"qodef-item-content\">\n\n\n\t\t            <div class=\"qodef-showcase-title-holder\">\n\t\t\t\t                    <h5 class=\"qodef-showcase-title\">Arama Motorlar\u0131<\/h5>\n\t\t\t\t\t            <\/div>\n\n\t\t            <div class=\"qodef-showcase-text-holder\">\n                <p class=\"qodef-showcase-text\">Hedef Kitlenizin Hangi Arama Motorlar\u0131n\u0131 Tercih Ettigi!<\/p>\n            <\/div>\n\t\t    <\/div>\n<\/div><div class=\"qodef-item qodef-item-right\">\n\t        <div class=\"qodef-item-icon\">\n\t\t\t<span aria-hidden=\"true\" class=\"qodef-icon-font-elegant icon_piechart \" style=\"color:#a328c1\"><\/span>        <\/div>\n\t    <div class=\"qodef-item-content\">\n\n\n\t\t            <div class=\"qodef-showcase-title-holder\">\n\t\t\t\t                    <h5 class=\"qodef-showcase-title\">Dogru \u0130\u00e7erik<\/h5>\n\t\t\t\t\t            <\/div>\n\n\t\t            <div class=\"qodef-showcase-text-holder\">\n                <p class=\"qodef-showcase-text\">Kullan\u0131c\u0131lar\u0131n \u0130htiya\u00e7lar\u0131na Cevap Verebilmek<\/p>\n            <\/div>\n\t\t    <\/div>\n<\/div><div class=\"qodef-item qodef-item-left\">\n\t        <div class=\"qodef-item-icon\">\n\t\t\t<span aria-hidden=\"true\" class=\"qodef-icon-font-elegant icon_piechart \" style=\"color:#a328c1\"><\/span>        <\/div>\n\t    <div class=\"qodef-item-content\">\n\n\n\t\t            <div class=\"qodef-showcase-title-holder\">\n\t\t\t\t                    <h5 class=\"qodef-showcase-title\">Mobil Uyumluluk<\/h5>\n\t\t\t\t\t            <\/div>\n\n\t\t            <div class=\"qodef-showcase-text-holder\">\n                <p class=\"qodef-showcase-text\">Mobil Uyumluluk<\/p>\n            <\/div>\n\t\t    <\/div>\n<\/div><div class=\"qodef-item qodef-item-right\">\n\t        <div class=\"qodef-item-icon\">\n\t\t\t<span aria-hidden=\"true\" class=\"qodef-icon-font-elegant icon_piechart \" style=\"color:#a328c1\"><\/span>        <\/div>\n\t    <div class=\"qodef-item-content\">\n\n\n\t\t            <div class=\"qodef-showcase-title-holder\">\n\t\t\t\t                    <h5 class=\"qodef-showcase-title\">Uyumlu Alt Yap\u0131<\/h5>\n\t\t\t\t\t            <\/div>\n\n\t\t            <div class=\"qodef-showcase-text-holder\">\n                <p class=\"qodef-showcase-text\">T\u00fcm Platformlarda \u00c7al\u0131\u015fabilme Becerisi<\/p>\n            <\/div>\n\t\t    <\/div>\n<\/div><div class=\"qodef-item qodef-item-left\">\n\t        <div class=\"qodef-item-icon\">\n\t\t\t<span aria-hidden=\"true\" class=\"qodef-icon-font-elegant icon_piechart \" style=\"color:#a328c1\"><\/span>        <\/div>\n\t    <div class=\"qodef-item-content\">\n\n\n\t\t            <div class=\"qodef-showcase-title-holder\">\n\t\t\t\t                    <h5 class=\"qodef-showcase-title\">G\u00fcvenlik<\/h5>\n\t\t\t\t\t            <\/div>\n\n\t\t            <div class=\"qodef-showcase-text-holder\">\n                <p class=\"qodef-showcase-text\">SSL Sertefikas\u0131<\/p>\n            <\/div>\n\t\t    <\/div>\n<\/div><div class=\"qodef-item qodef-item-right\">\n\t        <div class=\"qodef-item-icon\">\n\t\t\t<span aria-hidden=\"true\" class=\"qodef-icon-font-elegant icon_piechart \" style=\"color:#a328c1\"><\/span>        <\/div>\n\t    <div class=\"qodef-item-content\">\n\n\n\t\t            <div class=\"qodef-showcase-title-holder\">\n\t\t\t\t                    <h5 class=\"qodef-showcase-title\">H\u0131z<\/h5>\n\t\t\t\t\t            <\/div>\n\n\t\t            <div class=\"qodef-showcase-text-holder\">\n                <p class=\"qodef-showcase-text\">Web Sitenizin H\u0131zl\u0131 A\u00e7\u0131labilmesi<\/p>\n            <\/div>\n\t\t    <\/div>\n<\/div><\/div>[\/vc_column_inner][\/vc_row_inner][\/vc_column][\/vc_row]<\/p>\n<\/section>","protected":false},"excerpt":{"rendered":"<p>[vc_row content_width=&#8221;grid&#8221; content_aligment=&#8221;center&#8221; full_screen_section_height=&#8221;no&#8221; css=&#8221;.vc_custom_1472723705469{padding-top: 131px !important;padding-bottom: 70px !important;}&#8221;][vc_column offset=&#8221;vc_col-lg-offset-2 vc_col-lg-8 vc_col-md-offset-2 vc_col-md-8&#8243;][vc_text_separator title=&#8221;Google Seo \u0130le, Potans\u0131yel M\u00fc\u015fteri Hedef Kitlenize Ula\u015f\u0131n!&#8221; color=&#8221;violet&#8221; style=&#8221;double&#8221; border_width=&#8221;2&#8243; css_animation=&#8221;bounceIn&#8221;][vc_empty_space][vc_empty_space height=&#8221;13px&#8221;][vc_column_text] SEO, &#8220;arama motoru optimizasyonu&#8221; veya &#8220;arama motoru optimize edici&#8221; i\u00e7in kullan\u0131lan bir k\u0131saltmad\u0131r. Google Seo \u00c7al\u0131\u015fmas\u0131yla Hedef,\u00a0 Site Trafigini&#8230;<\/p>\n","protected":false},"author":1,"featured_media":0,"parent":0,"menu_order":0,"comment_status":"closed","ping_status":"closed","template":"full-width.php","meta":{"footnotes":""},"class_list":["post-3916","page","type-page","status-publish","hentry"],"_links":{"self":[{"href":"https:\/\/forvetbilisim.com\/index.php\/wp-json\/wp\/v2\/pages\/3916","targetHints":{"allow":["GET"]}}],"collection":[{"href":"https:\/\/forvetbilisim.com\/index.php\/wp-json\/wp\/v2\/pages"}],"about":[{"href":"https:\/\/forvetbilisim.com\/index.php\/wp-json\/wp\/v2\/types\/page"}],"author":[{"embeddable":true,"href":"https:\/\/forvetbilisim.com\/index.php\/wp-json\/wp\/v2\/users\/1"}],"replies":[{"embeddable":true,"href":"https:\/\/forvetbilisim.com\/index.php\/wp-json\/wp\/v2\/comments?post=3916"}],"version-history":[{"count":23,"href":"https:\/\/forvetbilisim.com\/index.php\/wp-json\/wp\/v2\/pages\/3916\/revisions"}],"predecessor-version":[{"id":6034,"href":"https:\/\/forvetbilisim.com\/index.php\/wp-json\/wp\/v2\/pages\/3916\/revisions\/6034"}],"wp:attachment":[{"href":"https:\/\/forvetbilisim.com\/index.php\/wp-json\/wp\/v2\/media?parent=3916"}],"curies":[{"name":"wp","href":"https:\/\/api.w.org\/{rel}","templated":true}]}}