{"id":2390,"date":"2016-08-24T07:55:22","date_gmt":"2016-08-24T07:55:22","guid":{"rendered":"http:\/\/kudos.select-themes.com\/?page_id=2390"},"modified":"2025-07-26T22:13:18","modified_gmt":"2025-07-26T22:13:18","slug":"sosyal-medya-google-seo-e-ticaret-akademi","status":"publish","type":"page","link":"https:\/\/forvetbilisim.com\/index.php\/sosyal-medya-google-seo-e-ticaret-akademi\/","title":{"rendered":"Sosyal Medya, Google Seo, E-Ticaret Akademi"},"content":{"rendered":"\r\n<h2 class=\"wp-block-heading\"><strong>\u0130stediginiz Konu Ba\u015fl\u0131g\u0131n\u0131 Se\u00e7erek, Bilgileri \u00d6zelle\u015ftirebilirsiniz!<\/strong><\/h2>\r\n\r\n\r\n<ul class=\"wp-block-archives-list wp-block-archives\">\t<li><a href='https:\/\/forvetbilisim.com\/index.php\/2026\/01\/'>Ocak 2026<\/a><\/li>\n\t<li><a href='https:\/\/forvetbilisim.com\/index.php\/2025\/12\/'>Aral\u0131k 2025<\/a><\/li>\n\t<li><a href='https:\/\/forvetbilisim.com\/index.php\/2025\/11\/'>Kas\u0131m 2025<\/a><\/li>\n\t<li><a href='https:\/\/forvetbilisim.com\/index.php\/2025\/10\/'>Ekim 2025<\/a><\/li>\n\t<li><a href='https:\/\/forvetbilisim.com\/index.php\/2025\/09\/'>Eyl\u00fcl 2025<\/a><\/li>\n\t<li><a href='https:\/\/forvetbilisim.com\/index.php\/2025\/08\/'>A\u011fustos 2025<\/a><\/li>\n\t<li><a href='https:\/\/forvetbilisim.com\/index.php\/2025\/07\/'>Temmuz 2025<\/a><\/li>\n<\/ul>\r\n\r\n\r\n<p>&nbsp;<\/p>\r\n","protected":false},"excerpt":{"rendered":"<p>\u0130stediginiz Konu Ba\u015fl\u0131g\u0131n\u0131 Se\u00e7erek, Bilgileri \u00d6zelle\u015ftirebilirsiniz! &nbsp;<\/p>\n","protected":false},"author":1,"featured_media":0,"parent":0,"menu_order":0,"comment_status":"closed","ping_status":"closed","template":"blog-masonry.php","meta":{"footnotes":""},"class_list":["post-2390","page","type-page","status-publish","hentry"],"_links":{"self":[{"href":"https:\/\/forvetbilisim.com\/index.php\/wp-json\/wp\/v2\/pages\/2390","targetHints":{"allow":["GET"]}}],"collection":[{"href":"https:\/\/forvetbilisim.com\/index.php\/wp-json\/wp\/v2\/pages"}],"about":[{"href":"https:\/\/forvetbilisim.com\/index.php\/wp-json\/wp\/v2\/types\/page"}],"author":[{"embeddable":true,"href":"https:\/\/forvetbilisim.com\/index.php\/wp-json\/wp\/v2\/users\/1"}],"replies":[{"embeddable":true,"href":"https:\/\/forvetbilisim.com\/index.php\/wp-json\/wp\/v2\/comments?post=2390"}],"version-history":[{"count":5,"href":"https:\/\/forvetbilisim.com\/index.php\/wp-json\/wp\/v2\/pages\/2390\/revisions"}],"predecessor-version":[{"id":6446,"href":"https:\/\/forvetbilisim.com\/index.php\/wp-json\/wp\/v2\/pages\/2390\/revisions\/6446"}],"wp:attachment":[{"href":"https:\/\/forvetbilisim.com\/index.php\/wp-json\/wp\/v2\/media?parent=2390"}],"curies":[{"name":"wp","href":"https:\/\/api.w.org\/{rel}","templated":true}]}}