{"id":2022,"date":"2016-08-22T11:22:25","date_gmt":"2016-08-22T11:22:25","guid":{"rendered":"http:\/\/kudos.select-themes.com\/?page_id=2022"},"modified":"2025-05-01T12:15:05","modified_gmt":"2025-05-01T12:15:05","slug":"fotograf-studyomuz","status":"publish","type":"page","link":"https:\/\/forvetbilisim.com\/index.php\/fotograf-studyomuz\/","title":{"rendered":"Fotograf St\u00fcdyomuz"},"content":{"rendered":"<section class=\"wpb-content-wrapper\"><p>[vc_row content_width=&#8221;grid&#8221; full_screen_section_height=&#8221;no&#8221; css=&#8221;.vc_custom_1746101702508{padding-top: 40px !important;padding-bottom: 60px !important;}&#8221;][vc_column width=&#8221;9\/12&#8243;]\n<div class=\"qodef-custom-font-holder\" style=\"font-family: Raleway;font-size: 13px;font-weight: 400;color: #1c1c1c\" data-font-size= 13>\n    Fotograf St\u00fcdyomuz    <\/div>[vc_column_text]<\/p>\n<h3>Dogukan Turaman Fotograf Ajans\u0131<\/h3>\n<p>[\/vc_column_text][vc_column_text]<\/p>\n<h3><strong>Ekipmanlar<\/strong><\/h3>\n<p>SONY A7\u0130V, SAMYANG 24-70 MM 2,8 OBJEKT\u0130F, V\u0130LTROX 20 MM 2.8 OBJEKT\u0130F, ZH\u0130YUN weebill 2 G\u0130MBAL, DJ\u0130 M\u0130N\u0130 4 PRO COMBO PLUS<br \/>\nDJ\u0130 A\u0130R, GODOX AD200 PRO, dji action 4[\/vc_column_text][\/vc_column][vc_column width=&#8221;3\/12&#8243;][\/vc_column][\/vc_row][vc_row content_width=&#8221;grid&#8221; full_screen_section_height=&#8221;no&#8221;][vc_column offset=&#8221;vc_col-lg-7 vc_col-md-7&#8243;][vc_single_image image=&#8221;5512&#8243; img_size=&#8221;full&#8221;][vc_empty_space height=&#8221;30px&#8221;][\/vc_column][vc_column offset=&#8221;vc_col-lg-5 vc_col-md-5&#8243;][vc_single_image image=&#8221;3814&#8243; img_size=&#8221;full&#8221;][vc_empty_space height=&#8221;30px&#8221;][\/vc_column][\/vc_row][vc_row content_width=&#8221;grid&#8221; full_screen_section_height=&#8221;no&#8221; css=&#8221;.vc_custom_1472631374663{padding-top: 32px !important;padding-bottom: 60px !important;}&#8221;][vc_column width=&#8221;9\/12&#8243;]\n<div class=\"qodef-custom-font-holder\" style=\"font-family: Raleway;font-size: 13px;font-weight: 400;color: #1c1c1c\" data-font-size= 13>\n    Ekipmanlar    <\/div>[vc_column_text]<\/p>\n<h3>Konsept \u00c7al\u0131\u015fmalar\u0131m\u0131z<\/h3>\n<p>[\/vc_column_text][vc_column_text]\u0130nsan Kendini Anlatmamal\u0131; \u0130nsna\u0131 En \u0130yi Anlatan \u015eey; Yapt\u0131g\u0131 \u00c7al\u0131\u015fmalar\u0131n Toplam\u0131d\u0131r![\/vc_column_text][\/vc_column][vc_column width=&#8221;3\/12&#8243;][\/vc_column][\/vc_row][vc_row content_width=&#8221;grid&#8221; full_screen_section_height=&#8221;no&#8221; css=&#8221;.vc_custom_1746033251826{padding-bottom: 10px !important;}&#8221;][vc_column offset=&#8221;vc_col-lg-4 vc_col-md-4&#8243;][vc_single_image image=&#8221;6340&#8243; img_size=&#8221;full&#8221;][\/vc_column][vc_column offset=&#8221;vc_col-lg-4 vc_col-md-4&#8243;][vc_single_image image=&#8221;6326&#8243; img_size=&#8221;full&#8221;][\/vc_column][vc_column offset=&#8221;vc_col-lg-4 vc_col-md-4&#8243;][vc_single_image image=&#8221;6343&#8243; img_size=&#8221;555&#215;375&#8243;][\/vc_column][\/vc_row][vc_row content_width=&#8221;grid&#8221; full_screen_section_height=&#8221;no&#8221; css=&#8221;.vc_custom_1746033349031{padding-top: 32px !important;padding-bottom: 34px !important;background-color: #fbfbfb !important;}&#8221;][vc_column offset=&#8221;vc_col-lg-3 vc_col-md-6&#8243;][vc_column_text]<\/p>\n<h5>Portre \u00c7ekimleri<\/h5>\n<p>[\/vc_column_text][vc_column_text]\u00c7ekimlerimize Bak\u0131n; Bakal\u0131m Neler Yapm\u0131\u015f\u0131z![\/vc_column_text][vc_empty_space height=&#8221;5px&#8221;]<div class=\"qodef-separator-holder clearfix  qodef-separator-left\">\n\t<div class=\"qodef-separator\" style=\"border-color: #66dbc9;width: 12px;border-bottom-width: 2px;margin-bottom: 5px\"><\/div>\n<\/div>\n<a itemprop=\"url\" href=\"https:\/\/www.instagram.com\/stories\/highlights\/17922502255512626\/\" target=\"_self\" class=\"qodef-btn qodef-btn-medium qodef-btn-transparent\" rel=\"noopener\">\n    <span class=\"qodef-btn-text\">go to website<\/span>\n    <\/a>[vc_empty_space height=&#8221;30px&#8221;][\/vc_column][vc_column offset=&#8221;vc_col-lg-3 vc_col-md-6&#8243;][vc_column_text]<\/p>\n<h5>\u00dcr\u00fcn ve\u00a0 Mekan \u00c7ekimleri<\/h5>\n<p>[\/vc_column_text][vc_column_text]\u00c7ekimlerinize Bak\u0131n; Bakal\u0131m Neler Yapm\u0131\u015f\u0131z![\/vc_column_text][vc_empty_space height=&#8221;5px&#8221;]<div class=\"qodef-separator-holder clearfix  qodef-separator-left\">\n\t<div class=\"qodef-separator\" style=\"border-color: #66dbc9;width: 12px;border-bottom-width: 2px;margin-bottom: 5px\"><\/div>\n<\/div>\n<a itemprop=\"url\" href=\"https:\/\/www.instagram.com\/stories\/highlights\/17860360742006694\/\" target=\"_self\" class=\"qodef-btn qodef-btn-medium qodef-btn-transparent\" rel=\"noopener\">\n    <span class=\"qodef-btn-text\">go to website<\/span>\n    <\/a>[vc_empty_space height=&#8221;30px&#8221;][\/vc_column][vc_column offset=&#8221;vc_col-lg-3 vc_col-md-6&#8243;][vc_column_text]<\/p>\n<h5>Villa \u00c7ekimleri<\/h5>\n<p>[\/vc_column_text][vc_column_text]\u00c7ekimlerimize Bak\u0131n; Bakal\u0131m Neler Yapm\u0131\u015f\u0131z![\/vc_column_text][vc_empty_space height=&#8221;5px&#8221;]<div class=\"qodef-separator-holder clearfix  qodef-separator-left\">\n\t<div class=\"qodef-separator\" style=\"border-color: #66dbc9;width: 12px;border-bottom-width: 2px;margin-bottom: 5px\"><\/div>\n<\/div>\n<a itemprop=\"url\" href=\"https:\/\/www.instagram.com\/stories\/highlights\/18073206595285627\/\" target=\"_self\" class=\"qodef-btn qodef-btn-medium qodef-btn-transparent\" rel=\"noopener\">\n    <span class=\"qodef-btn-text\">go to website<\/span>\n    <\/a>[vc_empty_space height=&#8221;30px&#8221;][\/vc_column][vc_column offset=&#8221;vc_col-lg-3 vc_col-md-6&#8243;][vc_column_text]<\/p>\n<h5>Etkinlik \u00c7ekimleri<\/h5>\n<p>[\/vc_column_text][vc_column_text]\u00c7ekimlerimize Bak\u0131n; Bakal\u0131m Neler Yapm\u0131\u015f\u0131z![\/vc_column_text][vc_empty_space height=&#8221;5px&#8221;]<div class=\"qodef-separator-holder clearfix  qodef-separator-left\">\n\t<div class=\"qodef-separator\" style=\"border-color: #66dbc9;width: 12px;border-bottom-width: 2px;margin-bottom: 5px\"><\/div>\n<\/div>\n<a itemprop=\"url\" href=\"https:\/\/www.instagram.com\/stories\/highlights\/18054349015713100\/\" target=\"_self\" class=\"qodef-btn qodef-btn-medium qodef-btn-transparent\" rel=\"noopener\">\n    <span class=\"qodef-btn-text\">go to website<\/span>\n    <\/a>[vc_empty_space height=&#8221;30px&#8221;][\/vc_column][\/vc_row][vc_row content_width=&#8221;grid&#8221; full_screen_section_height=&#8221;no&#8221; css=&#8221;.vc_custom_1746033383306{padding-top: 30px !important;padding-bottom: 120px !important;}&#8221;][vc_column offset=&#8221;vc_col-lg-4 vc_col-md-4&#8243;][vc_single_image image=&#8221;2097&#8243; img_size=&#8221;full&#8221;][vc_empty_space height=&#8221;30px&#8221;][vc_single_image image=&#8221;2098&#8243; img_size=&#8221;full&#8221;][vc_empty_space height=&#8221;30px&#8221;][\/vc_column][vc_column offset=&#8221;vc_col-lg-8 vc_col-md-8&#8243;][vc_single_image image=&#8221;2099&#8243; img_size=&#8221;full&#8221;][vc_empty_space height=&#8221;30px&#8221;][\/vc_column][\/vc_row]<\/p>\n<\/section>","protected":false},"excerpt":{"rendered":"<p>[vc_row content_width=&#8221;grid&#8221; full_screen_section_height=&#8221;no&#8221; css=&#8221;.vc_custom_1746101702508{padding-top: 40px !important;padding-bottom: 60px !important;}&#8221;][vc_column width=&#8221;9\/12&#8243;][vc_column_text] Dogukan Turaman Fotograf Ajans\u0131 [\/vc_column_text][vc_column_text] Ekipmanlar SONY A7\u0130V, SAMYANG 24-70 MM 2,8 OBJEKT\u0130F, V\u0130LTROX 20 MM 2.8 OBJEKT\u0130F, ZH\u0130YUN weebill 2 G\u0130MBAL, DJ\u0130 M\u0130N\u0130 4 PRO COMBO PLUS DJ\u0130 A\u0130R, GODOX AD200 PRO, dji action 4[\/vc_column_text][\/vc_column][vc_column&#8230;<\/p>\n","protected":false},"author":1,"featured_media":0,"parent":0,"menu_order":0,"comment_status":"closed","ping_status":"closed","template":"full-width.php","meta":{"footnotes":""},"class_list":["post-2022","page","type-page","status-publish","hentry"],"_links":{"self":[{"href":"https:\/\/forvetbilisim.com\/index.php\/wp-json\/wp\/v2\/pages\/2022","targetHints":{"allow":["GET"]}}],"collection":[{"href":"https:\/\/forvetbilisim.com\/index.php\/wp-json\/wp\/v2\/pages"}],"about":[{"href":"https:\/\/forvetbilisim.com\/index.php\/wp-json\/wp\/v2\/types\/page"}],"author":[{"embeddable":true,"href":"https:\/\/forvetbilisim.com\/index.php\/wp-json\/wp\/v2\/users\/1"}],"replies":[{"embeddable":true,"href":"https:\/\/forvetbilisim.com\/index.php\/wp-json\/wp\/v2\/comments?post=2022"}],"version-history":[{"count":24,"href":"https:\/\/forvetbilisim.com\/index.php\/wp-json\/wp\/v2\/pages\/2022\/revisions"}],"predecessor-version":[{"id":6357,"href":"https:\/\/forvetbilisim.com\/index.php\/wp-json\/wp\/v2\/pages\/2022\/revisions\/6357"}],"wp:attachment":[{"href":"https:\/\/forvetbilisim.com\/index.php\/wp-json\/wp\/v2\/media?parent=2022"}],"curies":[{"name":"wp","href":"https:\/\/api.w.org\/{rel}","templated":true}]}}