{"id":2017,"date":"2016-08-22T11:04:56","date_gmt":"2016-08-22T11:04:56","guid":{"rendered":"http:\/\/kudos.select-themes.com\/?page_id=2017"},"modified":"2025-05-01T14:35:03","modified_gmt":"2025-05-01T14:35:03","slug":"fethniye-web-tasarim","status":"publish","type":"page","link":"https:\/\/forvetbilisim.com\/index.php\/fethniye-web-tasarim\/","title":{"rendered":"Web Tasar\u0131m"},"content":{"rendered":"<section class=\"wpb-content-wrapper\"><p>[vc_row full_screen_section_height=&#8221;no&#8221;][vc_column]<div class=\"qodef-elements-holder qodef-two-columns qodef-responsive-mode-1024\" ><div class=\"qodef-elements-holder-item \"   data-item-class=\"qodef-elements-holder-custom-422262\" data-1280-1600=\"125px 115px 140px 120px\" data-1024-1280=\"125px 115px 140px 80px\" data-768-1024=\"125px 115px 140px 30px\" data-600-768=\"125px 115px 140px 60px\" data-480-600=\"125px 75px 140px 30px\" data-480=\"125px 30px 140px 30px\">\n\t<div class=\"qodef-elements-holder-item-inner\">\n\t\t<div class=\"qodef-elements-holder-item-content qodef-elements-holder-custom-422262\" style=\"padding: 125px 115px 140px 150px\">\n\t\t\t<div class=\"qodef-numbered-process-holder clearfix qodef-numbered-process-big-number qodef-numbered-process-text-left\">\n\n    <div class=\"qodef-numbered-process-number\" style=\"font-size: 489px\">\n\t\t01    <\/div>\n    <div class=\"qodef-numbered-process-subtitle-holder\" style=\"color: #66dbc9\">\n\t\t1.Ad\u0131m    <\/div>\n    <div class=\"qodef-numbered-process-title-holder\">\n        <h3>\n\t\tAra\u015ft\u0131rma &amp; Analiz    <\/h3>\n<\/div>\n<div class=\"qodef-numbered-process-text-holder\">\n    <p >Konsept ve Taslak Olu\u015fturulmadan \u00d6nceki \u0130lk S\u00fcre\u00e7, Firman\u0131z\u0131n \u0130\u00e7inde Bulundugu Sekt\u00f6r Baz\u0131nda Bir Ara\u015ft\u0131rma S\u00fcreci Ba\u015flar, T\u00fcm Sonu\u00e7lar Neticesinde, Konsept ve Taslak Olu\u015fturulur.<\/p>\n<\/div>\n    <div class=\"qodef-numbered-process-separator-holder\">\n        <span class=\"qodef-numbered-process-separator\"><\/span>\n    <\/div>\n<div class=\"qodef-numbered-process-link-holder\">\n\t        <a itemprop=\"url\" class=\"qodef-numbered-process-link\" href=\"#\" target=\"_self\">Read More<\/a>\n\t<\/div>\n\n<\/div>\t\t<\/div>\n\t<\/div>\n<\/div><div class=\"qodef-elements-holder-item \"  style=\"background-image: url(https:\/\/forvetbilisim.com\/wp-content\/uploads\/2016\/08\/Process-img-1.jpg)\" data-item-class=\"qodef-elements-holder-custom-946061\">\n\t<div class=\"qodef-elements-holder-item-inner\">\n\t\t<div class=\"qodef-elements-holder-item-content qodef-elements-holder-custom-946061\" style=\"padding: 20px 50px 20px 50px\">\n\t\t\t[vc_empty_space height=&#8221;480&#8243;]\t\t<\/div>\n\t<\/div>\n<\/div><\/div>[\/vc_column][\/vc_row][vc_row full_screen_section_height=&#8221;no&#8221;][vc_column]<div class=\"qodef-elements-holder qodef-two-columns qodef-responsive-mode-1024\" ><div class=\"qodef-elements-holder-item \"  style=\"background-image: url(https:\/\/forvetbilisim.com\/wp-content\/uploads\/2016\/08\/Process-img-2.jpg)\" data-item-class=\"qodef-elements-holder-custom-269768\">\n\t<div class=\"qodef-elements-holder-item-inner\">\n\t\t<div class=\"qodef-elements-holder-item-content qodef-elements-holder-custom-269768\" style=\"padding: 20px 50px 20px 50px\">\n\t\t\t[vc_empty_space height=&#8221;480&#8243;]\t\t<\/div>\n\t<\/div>\n<\/div><div class=\"qodef-elements-holder-item \"   data-item-class=\"qodef-elements-holder-custom-591161\" data-1280-1600=\"125px 115px 140px 120px\" data-1024-1280=\"125px 115px 140px 80px\" data-768-1024=\"125px 115px 140px 30px\" data-600-768=\"125px 115px 140px 60px\" data-480-600=\"125px 75px 140px 30px\" data-480=\"125px 30px 140px 30px\">\n\t<div class=\"qodef-elements-holder-item-inner\">\n\t\t<div class=\"qodef-elements-holder-item-content qodef-elements-holder-custom-591161\" style=\"padding: 125px 115px 140px 150px\">\n\t\t\t<div class=\"qodef-numbered-process-holder clearfix qodef-numbered-process-big-number qodef-numbered-process-text-left\">\n\n    <div class=\"qodef-numbered-process-number\" style=\"font-size: 489px\">\n\t\t02    <\/div>\n    <div class=\"qodef-numbered-process-subtitle-holder\" style=\"color: #66dbc9\">\n\t\t2.Ad\u0131m    <\/div>\n    <div class=\"qodef-numbered-process-title-holder\">\n        <h3>\n\t\tKonsept &amp; Taslak    <\/h3>\n<\/div>\n<div class=\"qodef-numbered-process-text-holder\">\n    <p >Ara\u015ft\u0131rma ve Analiz Neticesinde Elde Edilen Bilgiler, Bize Tasar\u0131m\u0131n, Konsept ve Taslag\u0131n\u0131 Olu\u015fturacak<\/p>\n<\/div>\n    <div class=\"qodef-numbered-process-separator-holder\">\n        <span class=\"qodef-numbered-process-separator\"><\/span>\n    <\/div>\n<div class=\"qodef-numbered-process-link-holder\">\n\t        <a itemprop=\"url\" class=\"qodef-numbered-process-link\" href=\"#\" target=\"_self\">Read More<\/a>\n\t<\/div>\n\n<\/div>\t\t<\/div>\n\t<\/div>\n<\/div><\/div>[\/vc_column][\/vc_row][vc_row full_screen_section_height=&#8221;no&#8221;][vc_column]<div class=\"qodef-elements-holder qodef-two-columns qodef-responsive-mode-1024\" ><div class=\"qodef-elements-holder-item \"   data-item-class=\"qodef-elements-holder-custom-719257\" data-1280-1600=\"125px 115px 140px 120px\" data-1024-1280=\"125px 115px 140px 80px\" data-768-1024=\"125px 115px 140px 30px\" data-600-768=\"125px 115px 140px 60px\" data-480-600=\"125px 75px 140px 30px\" data-480=\"125px 30px 140px 30px\">\n\t<div class=\"qodef-elements-holder-item-inner\">\n\t\t<div class=\"qodef-elements-holder-item-content qodef-elements-holder-custom-719257\" style=\"padding: 125px 115px 140px 150px\">\n\t\t\t<div class=\"qodef-numbered-process-holder clearfix qodef-numbered-process-big-number qodef-numbered-process-text-left\">\n\n    <div class=\"qodef-numbered-process-number\" style=\"font-size: 489px\">\n\t\t03    <\/div>\n    <div class=\"qodef-numbered-process-subtitle-holder\" style=\"color: #66dbc9\">\n\t\tThird Step    <\/div>\n    <div class=\"qodef-numbered-process-title-holder\">\n        <h3>\n\t\t3.Ad\u0131m    <\/h3>\n<\/div>\n<div class=\"qodef-numbered-process-text-holder\">\n    <p >Konsept ve Taslak I\u015f\u0131g\u0131\u0131nda, Design Uygulama A\u015famas\u0131na Ge\u00e7ilir.<\/p>\n<\/div>\n    <div class=\"qodef-numbered-process-separator-holder\">\n        <span class=\"qodef-numbered-process-separator\"><\/span>\n    <\/div>\n<div class=\"qodef-numbered-process-link-holder\">\n\t        <a itemprop=\"url\" class=\"qodef-numbered-process-link\" href=\"#\" target=\"_self\">Read More<\/a>\n\t<\/div>\n\n<\/div>\t\t<\/div>\n\t<\/div>\n<\/div><div class=\"qodef-elements-holder-item \"  style=\"background-image: url(https:\/\/forvetbilisim.com\/wp-content\/uploads\/2016\/08\/Process-img-3.jpg)\" data-item-class=\"qodef-elements-holder-custom-386580\">\n\t<div class=\"qodef-elements-holder-item-inner\">\n\t\t<div class=\"qodef-elements-holder-item-content qodef-elements-holder-custom-386580\" style=\"padding: 20px 50px 20px 50px\">\n\t\t\t[vc_empty_space height=&#8221;480&#8243;]\t\t<\/div>\n\t<\/div>\n<\/div><\/div>[\/vc_column][\/vc_row][vc_row full_screen_section_height=&#8221;no&#8221;][vc_column]<div class=\"qodef-elements-holder qodef-two-columns qodef-responsive-mode-1024\" ><div class=\"qodef-elements-holder-item \"  style=\"background-image: url(https:\/\/forvetbilisim.com\/wp-content\/uploads\/2016\/08\/Process-img-4.jpg)\" data-item-class=\"qodef-elements-holder-custom-673041\">\n\t<div class=\"qodef-elements-holder-item-inner\">\n\t\t<div class=\"qodef-elements-holder-item-content qodef-elements-holder-custom-673041\" style=\"padding: 20px 50px 20px 50px\">\n\t\t\t[vc_empty_space height=&#8221;480&#8243;]\t\t<\/div>\n\t<\/div>\n<\/div><div class=\"qodef-elements-holder-item \"   data-item-class=\"qodef-elements-holder-custom-733473\" data-1280-1600=\"125px 115px 140px 120px\" data-1024-1280=\"125px 115px 140px 80px\" data-768-1024=\"125px 115px 140px 30px\" data-600-768=\"125px 115px 140px 60px\" data-480-600=\"125px 75px 140px 30px\" data-480=\"125px 30px 140px 30px\">\n\t<div class=\"qodef-elements-holder-item-inner\">\n\t\t<div class=\"qodef-elements-holder-item-content qodef-elements-holder-custom-733473\" style=\"padding: 125px 115px 140px 150px\">\n\t\t\t<div class=\"qodef-numbered-process-holder clearfix qodef-numbered-process-big-number qodef-numbered-process-text-left\">\n\n    <div class=\"qodef-numbered-process-number\" style=\"font-size: 489px\">\n\t\t04    <\/div>\n    <div class=\"qodef-numbered-process-subtitle-holder\" style=\"color: #66dbc9\">\n\t\t4.Ad\u0131m    <\/div>\n    <div class=\"qodef-numbered-process-title-holder\">\n        <h3>\n\t\tYay\u0131n    <\/h3>\n<\/div>\n<div class=\"qodef-numbered-process-text-holder\">\n    <p >Olu\u015fturdugumuz, Tasar\u0131m, Konsept ve Taslaga Uygunlugu Konrol Edildikten Sonra, Yay\u0131na Verilir.<\/p>\n<\/div>\n    <div class=\"qodef-numbered-process-separator-holder\">\n        <span class=\"qodef-numbered-process-separator\"><\/span>\n    <\/div>\n<div class=\"qodef-numbered-process-link-holder\">\n\t        <a itemprop=\"url\" class=\"qodef-numbered-process-link\" href=\"#\" target=\"_self\">Read More<\/a>\n\t<\/div>\n\n<\/div>\t\t<\/div>\n\t<\/div>\n<\/div><\/div>[\/vc_column][\/vc_row][vc_row full_screen_section_height=&#8221;no&#8221;][vc_column][vc_column_text css=&#8221;.vc_custom_1746109775033{margin-top: 30px !important;margin-right: 120px !important;margin-bottom: 30px !important;margin-left: 120px !important;}&#8221;]<\/p>\n<h3>Web Tasar\u0131m<\/h3>\n<p>\u0130\u015fletmeden Hedef Kitleye, Verilmesi Gereken T\u00fcm \u0130\u00e7eriklerinizin \u2018\u00dcr\u00fcn Tan\u0131t\u0131m\u0131, Kampanyalar, Haberler, Yenilikler, Avantajlar vb\u2019 Bilgilerinizin; Hedef Kitleye Sunuldugu, Sanal \u0130\u015fletmenizdir.<\/p>\n<p>Fiziksel ortamdaki tabelan\u0131z, sanal ortamda domain olarak isimlendirilir \u00d6rn\/ forvetbilisim.com; fiziksel ortamda, hizmet ve \u00fcr\u00fcn sat\u0131\u015f\u0131 i\u00e7in kiralad\u0131g\u0131n\u0131z ofisiniz, sanal ortamda hosting olarak adland\u0131r\u0131lmaktad\u0131r.<\/p>\n<p>Web siteniz, tasar\u0131m a\u015famas\u0131ndan \u00f6nce, projelendirilmektedir. Bu projenlendirme a\u015famas\u0131nda, baz\u0131 ko\u015fullar belirlenmektedir.<\/p>\n<ul>\n<li>Kurumsal Dizayn: \u015eirketiniz i\u00e7in fiziksel ortamda ileti\u015fim s\u00fcrecinde kulland\u0131g\u0131n\u0131z t\u00fcm elemanlar, bu s\u00fcre\u00e7te belirlenir; kulland\u0131g\u0131n\u0131z logo, yaz\u0131 fontu, renkler,\u00a0 Web sitemizin tasar\u0131m\u0131 a\u015famas\u0131nda kurumsal b\u00fct\u00fcnl\u00fcg\u00fc saglamas\u0131 a\u00e7\u0131s\u0131ndan \u00e7ok \u00f6nemlidir.<\/li>\n<li>Kullan\u0131m amac\u0131n\u0131z : Kullan\u0131m amac\u0131n\u0131z, web sitenizin alt yap\u0131s\u0131nda olmas\u0131 gereken teknolojinin belirlenmesi s\u00fcrecidir.<\/li>\n<li>\u0130\u00e7erikler : Web sitesi i\u00e7erisinde kullan\u0131lacak t\u00fcm materyallerin, resim yada tan\u0131t\u0131m yaz\u0131lar\u0131n\u0131n belirlendigi a\u015famad\u0131r; t\u00fcm bu materyallerin organik olmas\u0131, firman\u0131za ait \u00f6zg\u00fcn i\u00e7erikler olmas\u0131, ba\u015far\u0131l\u0131 bir google seo i\u00e7in elzemdir.<\/li>\n<\/ul>\n<p>T\u00fcm Bu ko\u015fullar belirlendigi anda, web sitesi tasar\u0131m\u0131 \u00e7al\u0131\u015fmas\u0131 ba\u015flat\u0131lmaktad\u0131r; tasar\u0131m yay\u0131na verilmeden \u00f6nce, t\u00fcm ko\u015fullar\u0131n sagland\u0131g\u0131 teyit edildikten sonra yay\u0131na verilmektedir.<\/p>\n<h2>\u0130yi Bir Web \u0130stesi Nas\u0131l Olmal\u0131 ?<\/h2>\n<ul>\n<li>Web Sitesi Tasar\u0131m\u0131n\u0131z, Kurumsal Kimliginize Uyumlu Olmal\u0131!<\/li>\n<li>Web Siteniz H\u0131zl\u0131 Y\u00fcklenmeli<\/li>\n<li>Web Sitesi Tasar\u0131m\u0131n\u0131z, Hedef Kitlenize Odakl\u0131 Olmal\u0131; Ziyaret\u00e7ileriniz, Sitenizde Kolayca Gezinebilmeli<\/li>\n<li>Web Sitenizin \u0130\u00e7erigi, Ziyaret\u00e7ileriniz \u0130le Konu\u015fmal\u0131, Onlara Sorular Sormal\u0131<\/li>\n<li>Bir Slogan\u0131n\u0131z Olmal\u0131, Hedef Kitleniz Nezdinde, \u0130stediginiz Karakterin, Kimligin Olu\u015fmas\u0131nda Etken Olmal\u0131.<\/li>\n<li>Web Sitesi Alt Yap\u0131s\u0131 Google\u2019un Anlayabilecegi Bir Dilde Entegre Olmal\u0131<\/li>\n<li>Google Optimizasyon Mod\u00fcl\u00fc Olmal\u0131<\/li>\n<li>Ssl Sertefikas\u0131 \u0130le G\u00fcvenilir Olmal\u0131<\/li>\n<li>Web Siteniz, Responsive Olup, Her T\u00fcrl\u00fc Platformda Bozulmadan \u00c7al\u0131\u015fabilmeli<\/li>\n<li>Web Siteniz Kontrol Panelli Olup, Hi\u00e7bir Yaz\u0131l\u0131mc\u0131ya \u0130htiya\u00e7 Duymadan, \u0130stediginiz Bilgiyi An\u0131nda Degi\u015ftirebilmelisiniz<\/li>\n<li>G\u00f6rseller ve \u0130\u00e7erikler, Google\u2019un Anlayabilecegi Bir Dilde Optimize Edilmeli<\/li>\n<li>Site Haritas\u0131 ve Navigasyon Olmal\u0131<\/li>\n<li>Sosyal Medya Entegrasyonu Olmal\u0131<\/li>\n<\/ul>\n<p>T\u00fcm Bu S\u00fcre\u00e7leri Birlikte \u0130\u015fletecegiz.<\/p>\n<h4>Mobil Uyummlu Web Tasar\u0131m, Profesyonel Web Tasar\u0131m, Kurumsal Web Tasar\u0131m<\/h4>\n<p>[\/vc_column_text][\/vc_column][\/vc_row]<\/p>\n<\/section>","protected":false},"excerpt":{"rendered":"<p>[vc_row full_screen_section_height=&#8221;no&#8221;][vc_column][\/vc_column][\/vc_row][vc_row full_screen_section_height=&#8221;no&#8221;][vc_column][\/vc_column][\/vc_row][vc_row full_screen_section_height=&#8221;no&#8221;][vc_column][\/vc_column][\/vc_row][vc_row full_screen_section_height=&#8221;no&#8221;][vc_column][\/vc_column][\/vc_row][vc_row full_screen_section_height=&#8221;no&#8221;][vc_column][vc_column_text css=&#8221;.vc_custom_1746109775033{margin-top: 30px !important;margin-right: 120px !important;margin-bottom: 30px !important;margin-left: 120px !important;}&#8221;] Web Tasar\u0131m \u0130\u015fletmeden Hedef Kitleye, Verilmesi Gereken T\u00fcm \u0130\u00e7eriklerinizin \u2018\u00dcr\u00fcn Tan\u0131t\u0131m\u0131, Kampanyalar, Haberler, Yenilikler, Avantajlar vb\u2019 Bilgilerinizin; Hedef Kitleye Sunuldugu, Sanal \u0130\u015fletmenizdir. Fiziksel ortamdaki tabelan\u0131z, sanal ortamda domain olarak isimlendirilir&#8230;<\/p>\n","protected":false},"author":1,"featured_media":0,"parent":0,"menu_order":0,"comment_status":"closed","ping_status":"closed","template":"full-width.php","meta":{"footnotes":""},"class_list":["post-2017","page","type-page","status-publish","hentry"],"_links":{"self":[{"href":"https:\/\/forvetbilisim.com\/index.php\/wp-json\/wp\/v2\/pages\/2017","targetHints":{"allow":["GET"]}}],"collection":[{"href":"https:\/\/forvetbilisim.com\/index.php\/wp-json\/wp\/v2\/pages"}],"about":[{"href":"https:\/\/forvetbilisim.com\/index.php\/wp-json\/wp\/v2\/types\/page"}],"author":[{"embeddable":true,"href":"https:\/\/forvetbilisim.com\/index.php\/wp-json\/wp\/v2\/users\/1"}],"replies":[{"embeddable":true,"href":"https:\/\/forvetbilisim.com\/index.php\/wp-json\/wp\/v2\/comments?post=2017"}],"version-history":[{"count":15,"href":"https:\/\/forvetbilisim.com\/index.php\/wp-json\/wp\/v2\/pages\/2017\/revisions"}],"predecessor-version":[{"id":6361,"href":"https:\/\/forvetbilisim.com\/index.php\/wp-json\/wp\/v2\/pages\/2017\/revisions\/6361"}],"wp:attachment":[{"href":"https:\/\/forvetbilisim.com\/index.php\/wp-json\/wp\/v2\/media?parent=2017"}],"curies":[{"name":"wp","href":"https:\/\/api.w.org\/{rel}","templated":true}]}}