{"id":2007,"date":"2016-08-22T10:39:36","date_gmt":"2016-08-22T10:39:36","guid":{"rendered":"http:\/\/kudos.select-themes.com\/?page_id=2007"},"modified":"2025-01-29T11:07:23","modified_gmt":"2025-01-29T11:07:23","slug":"google-adwords-2","status":"publish","type":"page","link":"https:\/\/forvetbilisim.com\/index.php\/google-adwords-2\/","title":{"rendered":"Google Adwords"},"content":{"rendered":"<section class=\"wpb-content-wrapper\"><p>[vc_row content_width=&#8221;grid&#8221; content_aligment=&#8221;center&#8221; full_screen_section_height=&#8221;no&#8221; css=&#8221;.vc_custom_1737056175233{margin-right: 80px !important;margin-left: 80px !important;background-color: #fbfbfb !important;}&#8221;][vc_column][vc_column_text css=&#8221;.vc_custom_1737056183239{margin-top: 80px !important;margin-bottom: 80px !important;}&#8221;]<\/p>\n<p style=\"text-align: left;\">Google Adwords,\u00a0Arama Motorunun \u0130\u015fletmeler \u0130\u00e7in Sundu\u011fu, Kullan\u0131c\u0131lar\u0131n Yapt\u0131\u011f\u0131 Kelime Sorgular\u0131 Baz Al\u0131narak \u00c7al\u0131\u015fan Reklamc\u0131l\u0131k T\u00fcr\u00fcd\u00fcr.<\/p>\n<h4 style=\"text-align: left;\">Potansiyel m\u00fc\u015fterilere Google Arama sonu\u00e7lar\u0131n\u0131n en \u00fcst\u00fcnde g\u00f6r\u00fcn\u00fcn<\/h4>\n<p style=\"text-align: left;\">Ba\u015far\u0131l\u0131 Bir Sonu\u00e7 Elde Edebilmek \u0130\u00e7in, Hedef Kitle, Dogru Bir \u015eekilde Planlan\u0131p, Programlanmal\u0131.<\/p>\n<p style=\"text-align: left;\">Google Ads (AdWords) te Reklam Vermek \u0130\u00e7in Maksimum ya da Minimum Bir Mebla\u011f S\u00f6z Konusu De\u011fildir. Ancak Reklam\u0131n\u0131z \u0130\u00e7in Kullanaca\u011f\u0131n\u0131z Anahtar Kelimeler Kendi Aralar\u0131nda Rekabete G\u00f6re De\u011fi\u015fiklik G\u00f6stermektedir. T\u00fcrkiye&#8217;de\u00a0T\u0131klama Ba\u015f\u0131na Gelen Ortalama \u00dccreti \u0130se 7 Kuru\u015f ile 4 tl Aras\u0131ndad\u0131r.<\/p>\n<p style=\"text-align: left;\">Belirledigimiz Arama Kelimeleri Listelenen Sonu\u00e7lar Neticesinde, Kullan\u0131c\u0131lar\u0131n T\u0131klama Say\u0131s\u0131na G\u00f6re Bir \u00dccret \u00d6denir; Genellikle G\u00fcnl\u00fck Bir B\u00fct\u00e7e Belirlenir, T\u0131klama Say\u0131s\u0131, Bu Belirledigimiz Toplam B\u00fct\u00e7eye Ula\u015ft\u0131g\u0131nda, Reklam Durur ve Devrisi G\u00fcn Tekrardan, Belirledigimiz Saatlerde G\u00f6r\u00fcnt\u00fclenmeye Ba\u015flar, Bu D\u00f6ng\u00fc Reklam Biti\u015f Tarihine kadar Bu Devam Eder.<\/p>\n<p style=\"text-align: left;\">Reklam D\u00f6n\u00fc\u015f\u00fcm \u00d6l\u00e7\u00fcm\u00fc \u0130le Performans\u0131n\u0131z\u0131 \u0130lzeyin ve\u00a0 Sonraki Reklam Ku\u015fag\u0131n\u0131z\u0131, Bu \u00f6l\u00e7\u00fcmleme ve Degerlendirme \u0130le Planlay\u0131p, Yay\u0131na Verin ve Daha Ba\u015far\u0131l\u0131 Sonu\u00e7lar Elde Edin.<\/p>\n<p>[\/vc_column_text][\/vc_column][\/vc_row]<\/p>\n<\/section>","protected":false},"excerpt":{"rendered":"<p>[vc_row content_width=&#8221;grid&#8221; content_aligment=&#8221;center&#8221; full_screen_section_height=&#8221;no&#8221; css=&#8221;.vc_custom_1737056175233{margin-right: 80px !important;margin-left: 80px !important;background-color: #fbfbfb !important;}&#8221;][vc_column][vc_column_text css=&#8221;.vc_custom_1737056183239{margin-top: 80px !important;margin-bottom: 80px !important;}&#8221;] Google Adwords,\u00a0Arama Motorunun \u0130\u015fletmeler \u0130\u00e7in Sundu\u011fu, Kullan\u0131c\u0131lar\u0131n Yapt\u0131\u011f\u0131 Kelime Sorgular\u0131 Baz Al\u0131narak \u00c7al\u0131\u015fan Reklamc\u0131l\u0131k T\u00fcr\u00fcd\u00fcr. Potansiyel m\u00fc\u015fterilere Google Arama sonu\u00e7lar\u0131n\u0131n en \u00fcst\u00fcnde g\u00f6r\u00fcn\u00fcn Ba\u015far\u0131l\u0131 Bir Sonu\u00e7 Elde Edebilmek \u0130\u00e7in,&#8230;<\/p>\n","protected":false},"author":1,"featured_media":0,"parent":0,"menu_order":0,"comment_status":"closed","ping_status":"closed","template":"full-width.php","meta":{"footnotes":""},"class_list":["post-2007","page","type-page","status-publish","hentry"],"_links":{"self":[{"href":"https:\/\/forvetbilisim.com\/index.php\/wp-json\/wp\/v2\/pages\/2007","targetHints":{"allow":["GET"]}}],"collection":[{"href":"https:\/\/forvetbilisim.com\/index.php\/wp-json\/wp\/v2\/pages"}],"about":[{"href":"https:\/\/forvetbilisim.com\/index.php\/wp-json\/wp\/v2\/types\/page"}],"author":[{"embeddable":true,"href":"https:\/\/forvetbilisim.com\/index.php\/wp-json\/wp\/v2\/users\/1"}],"replies":[{"embeddable":true,"href":"https:\/\/forvetbilisim.com\/index.php\/wp-json\/wp\/v2\/comments?post=2007"}],"version-history":[{"count":13,"href":"https:\/\/forvetbilisim.com\/index.php\/wp-json\/wp\/v2\/pages\/2007\/revisions"}],"predecessor-version":[{"id":6062,"href":"https:\/\/forvetbilisim.com\/index.php\/wp-json\/wp\/v2\/pages\/2007\/revisions\/6062"}],"wp:attachment":[{"href":"https:\/\/forvetbilisim.com\/index.php\/wp-json\/wp\/v2\/media?parent=2007"}],"curies":[{"name":"wp","href":"https:\/\/api.w.org\/{rel}","templated":true}]}}