{"id":1047,"date":"2016-08-12T12:24:39","date_gmt":"2016-08-12T12:24:39","guid":{"rendered":"http:\/\/kudos.select-themes.com\/?page_id=1047"},"modified":"2025-01-28T13:49:48","modified_gmt":"2025-01-28T13:49:48","slug":"sosyal-medya-yonetimi","status":"publish","type":"page","link":"https:\/\/forvetbilisim.com\/index.php\/sosyal-medya-yonetimi\/","title":{"rendered":"Sosyal Medya Y\u00f6netimi"},"content":{"rendered":"<section class=\"wpb-content-wrapper\"><p>[vc_row content_width=&#8221;grid&#8221; full_screen_section_height=&#8221;no&#8221; css=&#8221;.vc_custom_1473669441466{padding-top: 6.8% !important;padding-bottom: 5.7% !important;}&#8221;][vc_column offset=&#8221;vc_col-lg-4 vc_col-md-12&#8243;]<div class=\"qodef-elements-holder qodef-responsive-mode-768\" ><div class=\"qodef-elements-holder-item qodef-grow-in\" data-animation=\"qodef-grow-in\"  data-item-class=\"qodef-elements-holder-custom-975085\">\n\t<div class=\"qodef-elements-holder-item-inner\">\n\t\t<div class=\"qodef-elements-holder-item-content qodef-elements-holder-custom-975085\" style=\"padding: 0 0 0 0\">\n\t\t\t<div class=\"qodef-numbered-process-holder clearfix qodef-numbered-process-small-number qodef-numbered-process-text-left\">\n\n    <div class=\"qodef-numbered-process-number\" style=\"font-size: 110px\">\n\t\t01    <\/div>\n    <div class=\"qodef-numbered-process-subtitle-holder\" style=\"color: #272727\">\n\t\t1.Ad\u0131m    <\/div>\n    <div class=\"qodef-numbered-process-title-holder\">\n        <h3>\n\t\tAra\u015ft\u0131rma ve Analiz    <\/h3>\n<\/div>\n<div class=\"qodef-numbered-process-text-holder\">\n    <p >Konsept ve Taslak Olu\u015fturulmadan \u00d6nceki \u0130lk S\u00fcre\u00e7, Firman\u0131z\u0131n \u0130\u00e7inde Bulundugu Sekt\u00f6r Baz\u0131nda Bir Ara\u015ft\u0131rma S\u00fcreci Ba\u015flar, T\u00fcm Sonu\u00e7lar Neticesinde, Konsept ve Taslak Olu\u015fturulur.<\/p>\n<\/div>\n    <div class=\"qodef-numbered-process-separator-holder\">\n        <span class=\"qodef-numbered-process-separator\"><\/span>\n    <\/div>\n<div class=\"qodef-numbered-process-link-holder\">\n\t<\/div>\n\n<\/div>\t\t<\/div>\n\t<\/div>\n<\/div><\/div>[vc_empty_space height=&#8221;30px&#8221;][\/vc_column][vc_column offset=&#8221;vc_col-lg-4 vc_col-md-12&#8243;]<div class=\"qodef-elements-holder qodef-responsive-mode-768\" ><div class=\"qodef-elements-holder-item qodef-grow-in\" data-animation=\"qodef-grow-in\" style=\"transition-delay:150ms;-webkit-transition-delay:150ms\" data-item-class=\"qodef-elements-holder-custom-812012\">\n\t<div class=\"qodef-elements-holder-item-inner\">\n\t\t<div class=\"qodef-elements-holder-item-content qodef-elements-holder-custom-812012\" style=\"padding: 0 0 0 0\">\n\t\t\t<div class=\"qodef-numbered-process-holder clearfix qodef-numbered-process-small-number qodef-numbered-process-text-left\">\n\n    <div class=\"qodef-numbered-process-number\" style=\"font-size: 110px\">\n\t\t02    <\/div>\n    <div class=\"qodef-numbered-process-subtitle-holder\" style=\"color: #272727\">\n\t\t2.A\u015fama    <\/div>\n    <div class=\"qodef-numbered-process-title-holder\">\n        <h3>\n\t\tKonsept &amp; Taslak    <\/h3>\n<\/div>\n<div class=\"qodef-numbered-process-text-holder\">\n    <p >Ara\u015ft\u0131rma ve Analiz Neticesinde Elde Edilen Bilgiler, Bize Sosyal Medya Y\u00f6netim S\u00fcrecinin Konsept ve Taslag\u0131n\u0131 Olu\u015fturacak!<\/p>\n<\/div>\n    <div class=\"qodef-numbered-process-separator-holder\">\n        <span class=\"qodef-numbered-process-separator\"><\/span>\n    <\/div>\n<div class=\"qodef-numbered-process-link-holder\">\n\t<\/div>\n\n<\/div>\t\t<\/div>\n\t<\/div>\n<\/div><\/div>[vc_empty_space height=&#8221;30px&#8221;][\/vc_column][vc_column offset=&#8221;vc_col-lg-4 vc_col-md-12&#8243;]<div class=\"qodef-elements-holder qodef-responsive-mode-768\" ><div class=\"qodef-elements-holder-item qodef-grow-in\" data-animation=\"qodef-grow-in\" style=\"transition-delay:300ms;-webkit-transition-delay:300ms\" data-item-class=\"qodef-elements-holder-custom-785980\">\n\t<div class=\"qodef-elements-holder-item-inner\">\n\t\t<div class=\"qodef-elements-holder-item-content qodef-elements-holder-custom-785980\" style=\"padding: 0 0 0 0\">\n\t\t\t<div class=\"qodef-numbered-process-holder clearfix qodef-numbered-process-small-number qodef-numbered-process-text-left\">\n\n    <div class=\"qodef-numbered-process-number\" style=\"font-size: 110px\">\n\t\t03    <\/div>\n    <div class=\"qodef-numbered-process-subtitle-holder\" style=\"color: #272727\">\n\t\t3: Ad\u0131m    <\/div>\n    <div class=\"qodef-numbered-process-title-holder\">\n        <h3>\n\t\tUygulama A\u015famas\u0131    <\/h3>\n<\/div>\n<div class=\"qodef-numbered-process-text-holder\">\n    <p >Elde Edilen B\u0130lgiler I\u015f\u0131g\u0131nda, Sosyal Medya Y\u00f6netim S\u00fcreci Ba\u015flar!<\/p>\n<\/div>\n    <div class=\"qodef-numbered-process-separator-holder\">\n        <span class=\"qodef-numbered-process-separator\"><\/span>\n    <\/div>\n<div class=\"qodef-numbered-process-link-holder\">\n\t<\/div>\n\n<\/div>\t\t<\/div>\n\t<\/div>\n<\/div><\/div>[vc_empty_space height=&#8221;30px&#8221;][\/vc_column][\/vc_row][vc_row full_screen_section_height=&#8221;no&#8221;][vc_column]<div class=\"qodef-elements-holder qodef-two-columns qodef-responsive-mode-1024\" ><div class=\"qodef-elements-holder-item \"  style=\"background-image: url(https:\/\/forvetbilisim.com\/wp-content\/uploads\/2025\/01\/sosyal-medya.png)\" data-item-class=\"qodef-elements-holder-custom-104054\">\n\t<div class=\"qodef-elements-holder-item-inner\">\n\t\t<div class=\"qodef-elements-holder-item-content qodef-elements-holder-custom-104054\" style=\"padding: 0px 0px 0px 0px\">\n\t\t\t[vc_empty_space height=&#8221;619px&#8221;]\t\t<\/div>\n\t<\/div>\n<\/div><div class=\"qodef-elements-holder-item \"  style=\"background-image: url(https:\/\/forvetbilisim.com\/wp-content\/uploads\/2016\/08\/creative-agency-image-2.jpg)\" data-item-class=\"qodef-elements-holder-custom-421598\" data-1280-1600=\"103px 60px 109px 77px\" data-1024-1280=\"75px 75px 85px 71px\" data-768-1024=\"100px 84px 60px 100px\" data-600-768=\"75px 84px 60px 100px\" data-480-600=\"90px 0px 70px 25px\" data-480=\"90px 0px 70px 25px\">\n\t<div class=\"qodef-elements-holder-item-inner\">\n\t\t<div class=\"qodef-elements-holder-item-content qodef-elements-holder-custom-421598\" style=\"padding: 135px 115px 145px 170px\">\n\t\t\t[vc_row_inner full_screen_section_height=&#8221;no&#8221; css_animation=&#8221;qodef-element-from-fade&#8221; transition_delay=&#8221;200&#8243;][vc_column_inner][vc_column_text]<\/p>\n<h2>Sosyal Medya Y\u00f6netim S\u00fcreci<\/h2>\n<p>[\/vc_column_text][vc_empty_space height=&#8221;4px&#8221;][vc_column_text]Sosyal Medya Y\u00f6netimi; \u0130\u015fletmeden, Hedef Kitleye Verilmesi Gereken, Bilgi \u0130\u00e7eriklerin Olu\u015fturulmas\u0131 ve Yay\u0131nlanmas\u0131nda, Bu \u0130\u00e7eriklerden Sosyal\u00a0 Medyada elde Edilen Etkile\u015fimlerin \u0130ncelenmesinde, Hedef Bir M\u00fc\u015fteri Toplulu\u011fu Olu\u015fturmada, D\u00fczenli Olarak T\u00fcm Bu S\u00fcre\u00e7lerin Sonu\u00e7lar\u0131n\u0131 Raporlamada ve Analiz Etmede Adland\u0131r\u0131lan Y\u00f6netim S\u00fcrecidir.[\/vc_column_text][vc_empty_space][\/vc_column_inner][\/vc_row_inner]\t\t<\/div>\n\t<\/div>\n<\/div><\/div>[\/vc_column][\/vc_row][vc_row full_screen_section_height=&#8221;no&#8221;][vc_column]<div class=\"qodef-elements-holder qodef-two-columns qodef-responsive-mode-1024\" ><div class=\"qodef-elements-holder-item \"  style=\"background-image: url(https:\/\/forvetbilisim.com\/wp-content\/uploads\/2016\/08\/creative-agency-image-3.jpg)\" data-item-class=\"qodef-elements-holder-custom-871101\" data-1280-1600=\"111px 65px 53px 76px\" data-1024-1280=\"86px 62px 30px 57px\" data-768-1024=\"60px 130px 60px 139px\" data-600-768=\"48px 100px 55px 100px\" data-480-600=\"10px 0px 35px 20px\" data-480=\"10px 0px 35px 20px\">\n\t<div class=\"qodef-elements-holder-item-inner\">\n\t\t<div class=\"qodef-elements-holder-item-content qodef-elements-holder-custom-871101\" style=\"padding: 158px 115px 107px 123px\">\n\t\t\t[vc_row_inner full_screen_section_height=&#8221;no&#8221; css_animation=&#8221;qodef-element-from-fade&#8221; transition_delay=&#8221;200&#8243;][vc_column_inner offset=&#8221;vc_col-lg-6 vc_col-md-6&#8243;]<div class=\"qodef-iwt clearfix qodef-iwt-icon-left qodef-iwt-icon-tiny qodef-custom-icon-animation-disabled\"  >\n    <div class=\"qodef-iwt-icon-holder\">\n\t\t            <div class=\"qodef-icon-animation-holder qodef-custom-icon-animation-holder\" >\n                <div class=\"qodef-icon-shortcode  qodef-custom-icon\">\n\t\t\t\t\t<img loading=\"lazy\" decoding=\"async\" width=\"36\" height=\"36\" src=\"https:\/\/forvetbilisim.com\/wp-content\/uploads\/2025\/01\/target-5.png\" class=\"attachment-full size-full\" alt=\"\" \/>                <\/div>\n            <\/div>\n\t\t    <\/div>\n    <div class=\"qodef-iwt-content-holder\" >\n        <div class=\"qodef-iwt-title-holder\">\n            <h5 >\n\t\t\tHedefler        <\/h5>\n    <\/div>\n\t    <div class=\"qodef-iwt-text-holder\">\n        <p >S\u00f6z Konusu \u0130lgili \u0130\u015fletmenin Hedef Kitle \u00dczerinde, Tan\u0131n\u0131rl\u0131g\u0131 Art\u0131rmak, \u0130li\u015fkileri Geli\u015ftirmek, Tercih Yaratmak, G\u00fcveniniriligi art\u0131rmak.<\/p>\n\n\t\t    <\/div>\n<\/div>\n<\/div>[vc_empty_space height=&#8221;50px&#8221;][\/vc_column_inner][vc_column_inner offset=&#8221;vc_col-lg-6 vc_col-md-6&#8243;]<div class=\"qodef-iwt clearfix qodef-iwt-icon-left qodef-iwt-icon-tiny qodef-custom-icon-animation-disabled\"  >\n    <div class=\"qodef-iwt-icon-holder\">\n\t\t            <div class=\"qodef-icon-animation-holder qodef-custom-icon-animation-holder\" >\n                <div class=\"qodef-icon-shortcode  qodef-custom-icon\">\n\t\t\t\t\t<img loading=\"lazy\" decoding=\"async\" width=\"36\" height=\"36\" src=\"https:\/\/forvetbilisim.com\/wp-content\/uploads\/2025\/01\/iletisim-kanallari.png\" class=\"attachment-full size-full\" alt=\"\" \/>                <\/div>\n            <\/div>\n\t\t    <\/div>\n    <div class=\"qodef-iwt-content-holder\" >\n        <div class=\"qodef-iwt-title-holder\">\n            <h5 >\n\t\t\t\u0130leti\u015fim Kanallar\u0131        <\/h5>\n    <\/div>\n\t    <div class=\"qodef-iwt-text-holder\">\n        <p >\u0130\u015fletmeden hedef kitleye mesajlar\u0131 ta\u015f\u0131yacak medya ara\u00e7lar\u0131n\u0131n hesaplar\u0131n\u0131n kurulup, firman\u0131n kurumsal kimligine uygun bir \u015fekilde dizayn edilmesi a\u015famas\u0131d\u0131r.<\/p>\n\n\t\t    <\/div>\n<\/div>\n<\/div>[vc_empty_space height=&#8221;50px&#8221;][\/vc_column_inner][\/vc_row_inner][vc_row_inner full_screen_section_height=&#8221;no&#8221; css_animation=&#8221;qodef-element-from-fade&#8221; transition_delay=&#8221;200&#8243;][vc_column_inner offset=&#8221;vc_col-lg-6 vc_col-md-6&#8243;]<div class=\"qodef-iwt clearfix qodef-iwt-icon-left qodef-iwt-icon-tiny qodef-custom-icon-animation-disabled\"  >\n    <div class=\"qodef-iwt-icon-holder\">\n\t\t            <div class=\"qodef-icon-animation-holder qodef-custom-icon-animation-holder\" >\n                <div class=\"qodef-icon-shortcode  qodef-custom-icon\">\n\t\t\t\t\t<img loading=\"lazy\" decoding=\"async\" width=\"36\" height=\"41\" src=\"https:\/\/forvetbilisim.com\/wp-content\/uploads\/2025\/01\/hedef-kitler.png\" class=\"attachment-full size-full\" alt=\"\" \/>                <\/div>\n            <\/div>\n\t\t    <\/div>\n    <div class=\"qodef-iwt-content-holder\" >\n        <div class=\"qodef-iwt-title-holder\">\n            <h5 >\n\t\t\tPortf\u00f6y Geli\u015ftirme        <\/h5>\n    <\/div>\n\t    <div class=\"qodef-iwt-text-holder\">\n        <p >\u0130\u015fletmenin varolan ve potansiyel m\u00fc\u015fteri hedef kitlesi ileti\u015fim ara\u00e7lar\u0131 etraf\u0131nda toplan\u0131r.<\/p>\n\n\t\t    <\/div>\n<\/div>\n<\/div>[vc_empty_space height=&#8221;50px&#8221;][\/vc_column_inner][vc_column_inner offset=&#8221;vc_col-lg-6 vc_col-md-6&#8243;]<div class=\"qodef-iwt clearfix qodef-iwt-icon-left qodef-iwt-icon-tiny qodef-custom-icon-animation-disabled\"  >\n    <div class=\"qodef-iwt-icon-holder\">\n\t\t            <div class=\"qodef-icon-animation-holder qodef-custom-icon-animation-holder\" >\n                <div class=\"qodef-icon-shortcode  qodef-custom-icon\">\n\t\t\t\t\t<img loading=\"lazy\" decoding=\"async\" width=\"36\" height=\"36\" src=\"https:\/\/forvetbilisim.com\/wp-content\/uploads\/2025\/01\/reklam.png\" class=\"attachment-full size-full\" alt=\"\" \/>                <\/div>\n            <\/div>\n\t\t    <\/div>\n    <div class=\"qodef-iwt-content-holder\" >\n        <div class=\"qodef-iwt-title-holder\">\n            <h5 >\n\t\t\tSosyal Medya Reklam        <\/h5>\n    <\/div>\n\t    <div class=\"qodef-iwt-text-holder\">\n        <p >Var olan ve potansiyel m\u00fc\u015fteri hedef Kitleye y\u00f6nelik, sat\u0131\u015f ve halkla ili\u015fkiler ama\u00e7l\u0131 fikirlerin tasarlan\u0131p, facebook instagram sponsor reklamlar arac\u0131l\u0131g\u0131 ile yay\u0131na verilmesi a\u015famas\u0131<\/p>\n\n\t\t    <\/div>\n<\/div>\n<\/div>[vc_empty_space height=&#8221;50px&#8221;][\/vc_column_inner][\/vc_row_inner][vc_row_inner full_screen_section_height=&#8221;no&#8221; css_animation=&#8221;qodef-element-from-fade&#8221; transition_delay=&#8221;200&#8243;][vc_column_inner offset=&#8221;vc_col-lg-6 vc_col-md-6&#8243;]<div class=\"qodef-iwt clearfix qodef-iwt-icon-left qodef-iwt-icon-tiny qodef-custom-icon-animation-disabled\"  >\n    <div class=\"qodef-iwt-icon-holder\">\n\t\t            <div class=\"qodef-icon-animation-holder qodef-custom-icon-animation-holder\" >\n                <div class=\"qodef-icon-shortcode  qodef-custom-icon\">\n\t\t\t\t\t<img loading=\"lazy\" decoding=\"async\" width=\"36\" height=\"36\" src=\"https:\/\/forvetbilisim.com\/wp-content\/uploads\/2025\/01\/icerik-yonetimi-1.png\" class=\"attachment-full size-full\" alt=\"\" \/>                <\/div>\n            <\/div>\n\t\t    <\/div>\n    <div class=\"qodef-iwt-content-holder\" >\n        <div class=\"qodef-iwt-title-holder\">\n            <h5 >\n\t\t\t\u0130\u00e7erik Y\u00f6netimi        <\/h5>\n    <\/div>\n\t    <div class=\"qodef-iwt-text-holder\">\n        <p >\u0130\u015fletmeden \u00e7evreye verilecek t\u00fcm kurumsal mesajlar\u0131n tasarlan\u0131p, belirlendigi ve yay\u0131na verildigi a\u015famad\u0131r. - Kronolojik Ulusal Tebrikler ( bayramlar, kutlamalar vb - Haberler : i\u015fletmeyle ilgili kurumsal haberler yay\u0131nlan\u0131r, yeni \u00fcr\u00fcn, yeni fikir, giri\u015fimler. - \u00d6zel G\u00fcn Tebrikleri : Hedef kitlemizin \u00f6zel g\u00fcnleri kutlan\u0131r - M\u00fc\u015fterilerin Sat\u0131\u015f ve \u00fcr\u00fcnlerle ilgili merak ettigi t\u00fcm s\u00fcre\u00e7lerin yay\u0131na verilmesi - \u0130ndirimler - \u00dcr\u00fcn Tan\u0131t\u0131m\u0131 - M\u00fc\u015fteri \u0130li\u015fkileri : \u015fikayet, memnuniyet ve \u00f6nerileri izleme<\/p>\n\n\t\t    <\/div>\n<\/div>\n<\/div>[vc_empty_space height=&#8221;50px&#8221;][\/vc_column_inner][vc_column_inner offset=&#8221;vc_col-lg-6 vc_col-md-6&#8243;]<div class=\"qodef-iwt clearfix qodef-iwt-icon-left qodef-iwt-icon-tiny qodef-custom-icon-animation-disabled\"  >\n    <div class=\"qodef-iwt-icon-holder\">\n\t\t            <div class=\"qodef-icon-animation-holder qodef-custom-icon-animation-holder\" >\n                <div class=\"qodef-icon-shortcode  qodef-custom-icon\">\n\t\t\t\t\t<img loading=\"lazy\" decoding=\"async\" width=\"36\" height=\"36\" src=\"https:\/\/forvetbilisim.com\/wp-content\/uploads\/2025\/01\/analiz-ve-raporlama-2.png\" class=\"attachment-full size-full\" alt=\"\" \/>                <\/div>\n            <\/div>\n\t\t    <\/div>\n    <div class=\"qodef-iwt-content-holder\" >\n        <div class=\"qodef-iwt-title-holder\">\n            <h5 >\n\t\t\tAnaliz ve Raporlama        <\/h5>\n    <\/div>\n\t    <div class=\"qodef-iwt-text-holder\">\n        <p >Hedeflerle belirlenen ama\u00e7lara ula\u015fmak i\u00e7in yap\u0131lan \u00e7al\u0131\u015fmalar ayl\u0131k olarak \u00f6l\u00e7\u00fcmlenir ve degerlendirilir.<\/p>\n\n\t\t    <\/div>\n<\/div>\n<\/div>[vc_empty_space height=&#8221;50px&#8221;][\/vc_column_inner][\/vc_row_inner]\t\t<\/div>\n\t<\/div>\n<\/div><div class=\"qodef-elements-holder-item qodef-horizontal-alignment-center\"  style=\"background-image: url(https:\/\/forvetbilisim.com\/wp-content\/uploads\/2025\/01\/social-icons.jpg)\" data-item-class=\"qodef-elements-holder-custom-589949\" data-1024-1280=\"0px 0px 0px 0px\" data-768-1024=\"100px 0px 100px 0px\" data-600-768=\"100px 0px 100px 0px\">\n\t<div class=\"qodef-elements-holder-item-inner\">\n\t\t<div class=\"qodef-elements-holder-item-content qodef-elements-holder-custom-589949\" style=\"padding: 0px 0px 0px 0px\">\n\t\t\t[vc_empty_space height=&#8221;500px&#8221;]\t\t<\/div>\n\t<\/div>\n<\/div><\/div>[\/vc_column][\/vc_row][vc_row row_type=&#8221;parallax&#8221; content_width=&#8221;grid&#8221; content_aligment=&#8221;center&#8221; full_screen_section_height=&#8221;no&#8221; parallax_background_image=&#8221;2610&#8243; css=&#8221;.vc_custom_1472051824939{padding-top: 135px !important;padding-bottom: 143px !important;}&#8221;][vc_column][vc_column_text]<\/p>\n<h2><span style=\"color: #ffffff;\">Bizi Takip Edin<\/span><\/h2>\n<p>[\/vc_column_text][vc_empty_space height=&#8221;12px&#8221;][vc_row_inner content_width=&#8221;grid&#8221; full_screen_section_height=&#8221;no&#8221; content_aligment=&#8221;center&#8221;][vc_column_inner]\n    <span class=\"qodef-icon-shortcode circle\" style=\"margin: 23px;width: 66px;height: 66px;line-height: 66px;border-color: #7b7b7a\" data-hover-border-color=\"#ffffff\" data-hover-background-color=\"#ffffff\" data-hover-color=\"#444444\" data-color=\"#ffffff\">\n                    <a itemprop=\"url\" class=\"\" href=\"https:\/\/www.instagram.com\/forvetbilisim\/\" target=\"_blank\" rel=\"noopener\">\n        \n        <span aria-hidden=\"true\" class=\"qodef-icon-font-elegant social_instagram qodef-icon-element\" style=\"color: #ffffff;font-size:24px\" ><\/span>\n                    <\/a>\n            <\/span>\n\n\n    <span class=\"qodef-icon-shortcode circle\" style=\"margin: 23px;width: 66px;height: 66px;line-height: 66px;border-color: #7b7b7a\" data-hover-border-color=\"#ffffff\" data-hover-background-color=\"#ffffff\" data-hover-color=\"#444444\" data-color=\"#ffffff\">\n                    <a itemprop=\"url\" class=\"\" href=\"https:\/\/www.facebook.com\/profile.php?id=100067396826376\" target=\"_blank\" rel=\"noopener\">\n        \n        <span aria-hidden=\"true\" class=\"qodef-icon-font-elegant social_facebook qodef-icon-element\" style=\"color: #ffffff;font-size:24px\" ><\/span>\n                    <\/a>\n            <\/span>\n\n\n    <span class=\"qodef-icon-shortcode circle\" style=\"margin: 23px;width: 66px;height: 66px;line-height: 66px;border-color: #7b7b7a\" data-hover-border-color=\"#ffffff\" data-hover-background-color=\"#ffffff\" data-hover-color=\"#444444\" data-color=\"#ffffff\">\n                    <a itemprop=\"url\" class=\"\" href=\"http:\/\/www.twitter.com\" target=\"_blank\" rel=\"noopener\">\n        \n        <span aria-hidden=\"true\" class=\"qodef-icon-font-elegant social_twitter qodef-icon-element\" style=\"color: #ffffff;font-size:24px\" ><\/span>\n                    <\/a>\n            <\/span>\n\n\n    <span class=\"qodef-icon-shortcode circle\" style=\"margin: 23px;width: 66px;height: 66px;line-height: 66px;border-color: #7b7b7a\" data-hover-border-color=\"#ffffff\" data-hover-background-color=\"#ffffff\" data-hover-color=\"#444444\" data-color=\"#ffffff\">\n                    <a itemprop=\"url\" class=\"\" href=\"http:\/\/www.linkedin.com\" target=\"_blank\" rel=\"noopener\">\n        \n        <span aria-hidden=\"true\" class=\"qodef-icon-font-elegant social_linkedin qodef-icon-element\" style=\"color: #ffffff;font-size:24px\" ><\/span>\n                    <\/a>\n            <\/span>\n\n[\/vc_column_inner][\/vc_row_inner][\/vc_column][\/vc_row]<\/p>\n<\/section>","protected":false},"excerpt":{"rendered":"<p>[vc_row content_width=&#8221;grid&#8221; full_screen_section_height=&#8221;no&#8221; css=&#8221;.vc_custom_1473669441466{padding-top: 6.8% !important;padding-bottom: 5.7% !important;}&#8221;][vc_column offset=&#8221;vc_col-lg-4 vc_col-md-12&#8243;][vc_empty_space height=&#8221;30px&#8221;][\/vc_column][vc_column offset=&#8221;vc_col-lg-4 vc_col-md-12&#8243;][vc_empty_space height=&#8221;30px&#8221;][\/vc_column][vc_column offset=&#8221;vc_col-lg-4 vc_col-md-12&#8243;][vc_empty_space height=&#8221;30px&#8221;][\/vc_column][\/vc_row][vc_row full_screen_section_height=&#8221;no&#8221;][vc_column][\/vc_column][\/vc_row][vc_row full_screen_section_height=&#8221;no&#8221;][vc_column][\/vc_column][\/vc_row][vc_row row_type=&#8221;parallax&#8221; content_width=&#8221;grid&#8221; content_aligment=&#8221;center&#8221; full_screen_section_height=&#8221;no&#8221; parallax_background_image=&#8221;2610&#8243; css=&#8221;.vc_custom_1472051824939{padding-top: 135px !important;padding-bottom: 143px !important;}&#8221;][vc_column][vc_column_text] Bizi Takip Edin [\/vc_column_text][vc_empty_space height=&#8221;12px&#8221;][vc_row_inner content_width=&#8221;grid&#8221; full_screen_section_height=&#8221;no&#8221; content_aligment=&#8221;center&#8221;][vc_column_inner][\/vc_column_inner][\/vc_row_inner][\/vc_column][\/vc_row]<\/p>\n","protected":false},"author":1,"featured_media":0,"parent":0,"menu_order":0,"comment_status":"closed","ping_status":"closed","template":"full-width.php","meta":{"footnotes":""},"class_list":["post-1047","page","type-page","status-publish","hentry"],"_links":{"self":[{"href":"https:\/\/forvetbilisim.com\/index.php\/wp-json\/wp\/v2\/pages\/1047","targetHints":{"allow":["GET"]}}],"collection":[{"href":"https:\/\/forvetbilisim.com\/index.php\/wp-json\/wp\/v2\/pages"}],"about":[{"href":"https:\/\/forvetbilisim.com\/index.php\/wp-json\/wp\/v2\/types\/page"}],"author":[{"embeddable":true,"href":"https:\/\/forvetbilisim.com\/index.php\/wp-json\/wp\/v2\/users\/1"}],"replies":[{"embeddable":true,"href":"https:\/\/forvetbilisim.com\/index.php\/wp-json\/wp\/v2\/comments?post=1047"}],"version-history":[{"count":40,"href":"https:\/\/forvetbilisim.com\/index.php\/wp-json\/wp\/v2\/pages\/1047\/revisions"}],"predecessor-version":[{"id":5951,"href":"https:\/\/forvetbilisim.com\/index.php\/wp-json\/wp\/v2\/pages\/1047\/revisions\/5951"}],"wp:attachment":[{"href":"https:\/\/forvetbilisim.com\/index.php\/wp-json\/wp\/v2\/media?parent=1047"}],"curies":[{"name":"wp","href":"https:\/\/api.w.org\/{rel}","templated":true}]}}